{"id":4434,"date":"2015-04-11T19:57:10","date_gmt":"2015-04-11T19:57:10","guid":{"rendered":"http:\/\/grad-export.hr\/web\/?page_id=4434"},"modified":"2017-11-07T22:00:25","modified_gmt":"2017-11-07T22:00:25","slug":"linija-vizual","status":"publish","type":"page","link":"https:\/\/grad-export.hr\/fr\/linija-vizual","title":{"rendered":"Le programme Vizual &#8211; PVC panneaux decoratifs"},"content":{"rendered":"<p>Les panneaux dans le programme Vizual peuvent \u00eatre standard renforc\u00e9es (d\u00e9nomination SO).<br \/>\nLes panneaux peuvent \u00eatre d&#8217;epaisseur de 24 mm, 36 mm et 40 mm.<br \/>\nLes vitrages dans les panneaux sont vitrages isolants. De plus, les vitrages peuvent \u00eatre des epaisseurs et coupes differents \u2013 que d\u00e9pend aussi de la epaisseur de panneau.<br \/>\nLes r\u00e9alisations de vitrage sont diff\u00e9rentes: ornamental, satinato avec ruban de plomb, vitrail avec feuille, facettes, vitrail avec facette\u2026<br \/>\nToutes les panneaux ont la possibilit\u00e9 d&#8217;installation de verre de s\u00e9curit\u00e9.<br \/>\nLes couleurs possibles de PVC panneaux decoratifs du programme Vizual \u2013 dans l&#8217;offre \u00e0 c\u00f4t\u00e9 de PVC blanc on a les d\u00e9cors de bois diff\u00e9rents.<br \/>\nLes couleurs possibles des applications \u2013 toutes les couleurs de HPL que sont dans l&#8217;offre.<br \/>\nDans l&#8217;ordre pour partie tierc\u00e9e est obligatoire identifier le mod\u00e8l de panneau et la d\u00e9nomination de verre parce que on a beaucoup de r\u00e9alisations de verre.<br \/>\n&nbsp;<br \/>\nFormat d\u2019origine: 900 x 2100 mm (\u00e0 l&#8217;exception du mod\u00e8le IT= 900 x 1920 mm).<br \/>\n&nbsp;<\/p>\n<div id=\"paneli\">\n<figure id=\"attachment_695\" aria-describedby=\"caption-attachment-695\" style=\"width: 65px\" class=\"wp-caption alignleft\"><a title=\"Vizual \u2013 model CH\" href=\"https:\/\/grad-export.hr\/fr\/model-ch\"><img loading=\"lazy\" decoding=\"async\" class=\"size-full wp-image-695\" src=\"http:\/\/grad-export.hr\/web\/wp-content\/uploads\/linija-vizual\/ch_thumb.jpg\" alt=\"Model CH\" width=\"65\" height=\"135\" \/><\/a><figcaption id=\"caption-attachment-695\" class=\"wp-caption-text\">CH<\/figcaption><\/figure>\n<figure id=\"attachment_696\" aria-describedby=\"caption-attachment-696\" style=\"width: 65px\" class=\"wp-caption alignleft\"><a title=\"Vizual \u2013 model DK\" href=\"https:\/\/grad-export.hr\/fr\/model-dk\"><img loading=\"lazy\" decoding=\"async\" class=\"size-full wp-image-696\" src=\"http:\/\/grad-export.hr\/web\/wp-content\/uploads\/linija-vizual\/dk_thumb.jpg\" alt=\"Model DK\" width=\"65\" height=\"135\" \/><\/a><figcaption id=\"caption-attachment-696\" class=\"wp-caption-text\">DK<\/figcaption><\/figure>\n<figure id=\"attachment_697\" aria-describedby=\"caption-attachment-697\" style=\"width: 65px\" class=\"wp-caption alignleft\"><a title=\"Vizual \u2013 model FR\" href=\"https:\/\/grad-export.hr\/fr\/model-fr\"><img loading=\"lazy\" decoding=\"async\" class=\"size-full wp-image-697\" src=\"http:\/\/grad-export.hr\/web\/wp-content\/uploads\/linija-vizual\/fr_thumb.jpg\" alt=\"Model FR\" width=\"65\" height=\"135\" \/><\/a><figcaption id=\"caption-attachment-697\" class=\"wp-caption-text\">FR<\/figcaption><\/figure>\n<figure id=\"attachment_698\" aria-describedby=\"caption-attachment-698\" style=\"width: 65px\" class=\"wp-caption alignleft\"><a title=\"Vizual \u2013 model HU\" href=\"https:\/\/grad-export.hr\/fr\/model-hu\"><img loading=\"lazy\" decoding=\"async\" class=\"size-full wp-image-698\" src=\"http:\/\/grad-export.hr\/web\/wp-content\/uploads\/linija-vizual\/hu_thumb.jpg\" alt=\"Model HU\" width=\"65\" height=\"135\" \/><\/a><figcaption id=\"caption-attachment-698\" class=\"wp-caption-text\">HU<\/figcaption><\/figure>\n<figure id=\"attachment_699\" aria-describedby=\"caption-attachment-699\" style=\"width: 65px\" class=\"wp-caption alignleft\"><a title=\"Vizual \u2013 model IT\" href=\"https:\/\/grad-export.hr\/fr\/model-it\"><img loading=\"lazy\" decoding=\"async\" class=\"size-full wp-image-699\" src=\"http:\/\/grad-export.hr\/web\/wp-content\/uploads\/linija-vizual\/it_thumb.jpg\" alt=\"Model IT\" width=\"65\" height=\"135\" \/><\/a><figcaption id=\"caption-attachment-699\" class=\"wp-caption-text\">IT<\/figcaption><\/figure>\n<figure id=\"attachment_700\" aria-describedby=\"caption-attachment-700\" style=\"width: 65px\" class=\"wp-caption alignleft\"><a title=\"Vizual \u2013 model NL\" href=\"https:\/\/grad-export.hr\/fr\/model-nl\"><img loading=\"lazy\" decoding=\"async\" class=\"size-full wp-image-700\" src=\"http:\/\/grad-export.hr\/web\/wp-content\/uploads\/linija-vizual\/nl_thumb.jpg\" alt=\"Model NL\" width=\"65\" height=\"135\" \/><\/a><figcaption id=\"caption-attachment-700\" class=\"wp-caption-text\">NL<\/figcaption><\/figure>\n<figure id=\"attachment_701\" aria-describedby=\"caption-attachment-701\" style=\"width: 96px\" class=\"wp-caption alignleft\"><a title=\"Vizual \u2013 polupaneli\" href=\"https:\/\/grad-export.hr\/fr\/polupaneli-vizual\"><img loading=\"lazy\" decoding=\"async\" class=\"size-full wp-image-701\" src=\"http:\/\/grad-export.hr\/web\/wp-content\/uploads\/linija-vizual\/polupaneli_thumb.jpg\" alt=\"Polupaneli linije Vizual\" width=\"96\" height=\"135\" \/><\/a><figcaption id=\"caption-attachment-701\" class=\"wp-caption-text\">Parties tierc\u00e9es<\/figcaption><\/figure>\n<\/div>\n","protected":false},"excerpt":{"rendered":"<p>Les panneaux dans le programme Vizual peuvent \u00eatre standard renforc\u00e9es (d\u00e9nomination SO). Les panneaux peuvent \u00eatre d&#8217;epaisseur de 24 mm, 36 mm et 40 mm. Les vitrages dans les panneaux sont vitrages isolants. De plus, les vitrages peuvent \u00eatre des epaisseurs et coupes differents \u2013 que d\u00e9pend aussi de la epaisseur de panneau. Les r\u00e9alisations [&hellip;]<\/p>\n","protected":false},"author":1,"featured_media":695,"parent":0,"menu_order":0,"comment_status":"closed","ping_status":"open","template":"","meta":{"ngg_post_thumbnail":0,"__cvm_playback_settings":[],"__cvm_video_id":"","footnotes":""},"class_list":["post-4434","page","type-page","status-publish","has-post-thumbnail","czr-hentry"],"_links":{"self":[{"href":"https:\/\/grad-export.hr\/fr\/wp-json\/wp\/v2\/pages\/4434"}],"collection":[{"href":"https:\/\/grad-export.hr\/fr\/wp-json\/wp\/v2\/pages"}],"about":[{"href":"https:\/\/grad-export.hr\/fr\/wp-json\/wp\/v2\/types\/page"}],"author":[{"embeddable":true,"href":"https:\/\/grad-export.hr\/fr\/wp-json\/wp\/v2\/users\/1"}],"replies":[{"embeddable":true,"href":"https:\/\/grad-export.hr\/fr\/wp-json\/wp\/v2\/comments?post=4434"}],"version-history":[{"count":7,"href":"https:\/\/grad-export.hr\/fr\/wp-json\/wp\/v2\/pages\/4434\/revisions"}],"predecessor-version":[{"id":15368,"href":"https:\/\/grad-export.hr\/fr\/wp-json\/wp\/v2\/pages\/4434\/revisions\/15368"}],"wp:featuredmedia":[{"embeddable":true,"href":"https:\/\/grad-export.hr\/fr\/wp-json\/wp\/v2\/media\/695"}],"wp:attachment":[{"href":"https:\/\/grad-export.hr\/fr\/wp-json\/wp\/v2\/media?parent=4434"}],"curies":[{"name":"wp","href":"https:\/\/api.w.org\/{rel}","templated":true}]}}