{"id":4457,"date":"2015-04-11T20:22:07","date_gmt":"2015-04-11T20:22:07","guid":{"rendered":"http:\/\/grad-export.hr\/web\/?page_id=4457"},"modified":"2017-11-07T22:13:17","modified_gmt":"2017-11-07T22:13:17","slug":"linija-standard","status":"publish","type":"page","link":"https:\/\/grad-export.hr\/fr\/linija-standard","title":{"rendered":"Le programme Standard &#8211; PVC panneaux decoratifs"},"content":{"rendered":"<p>Les panneaux simples de design classique de ligne Classic si distinguent de une bordure moins exprim\u00e9e, moins d\u00e9corations de verre et un prix plus bas.<br \/>\nL&#8217;epaisseur standard de panneau est 24 mm, sans renfort (d\u00e9nomination OS). Le couleur standard de PVC est blanc.<br \/>\nLes vitrages dans les panneaux sont vitrages isolants. Les r\u00e9alisations de verre sont AB et DK, chez quelque r\u00e9alisations avec latte blanche decor\u00e9e.<br \/>\nToutes les options additionnelles sur demande.<br \/>\n&nbsp;<br \/>\n<strong>Standard,<\/strong> PVC panneaux decoratifs <span style=\"color: #800000;\"><strong>900 x 1920 mm<\/strong><\/span>:<\/p>\n<div id=\"paneli\">\n<figure id=\"attachment_687\" aria-describedby=\"caption-attachment-687\" style=\"width: 65px\" class=\"wp-caption alignleft\"><a title=\"Standard \u2013 model Dinara\" href=\"https:\/\/grad-export.hr\/fr\/dinara\"><img loading=\"lazy\" decoding=\"async\" class=\"size-full wp-image-687\" src=\"http:\/\/grad-export.hr\/web\/wp-content\/uploads\/linija-standard\/di_thumb.jpg\" alt=\"Model Dinara\" width=\"65\" height=\"135\" \/><\/a><figcaption id=\"caption-attachment-687\" class=\"wp-caption-text\">Dinara<\/figcaption><\/figure>\n<figure id=\"attachment_688\" aria-describedby=\"caption-attachment-688\" style=\"width: 65px\" class=\"wp-caption alignleft\"><a title=\"Standard \u2013 model Mosor\" href=\"https:\/\/grad-export.hr\/fr\/mosor\"><img loading=\"lazy\" decoding=\"async\" class=\"size-full wp-image-688\" src=\"http:\/\/grad-export.hr\/web\/wp-content\/uploads\/linija-standard\/mo_thumb.jpg\" alt=\"Model Mosor\" width=\"65\" height=\"135\" \/><\/a><figcaption id=\"caption-attachment-688\" class=\"wp-caption-text\">Mosor<\/figcaption><\/figure>\n<figure id=\"attachment_690\" aria-describedby=\"caption-attachment-690\" style=\"width: 65px\" class=\"wp-caption alignleft\"><a title=\"Standard \u2013 model Svilaj\" href=\"https:\/\/grad-export.hr\/fr\/svilaj\"><img loading=\"lazy\" decoding=\"async\" class=\"size-full wp-image-690\" src=\"http:\/\/grad-export.hr\/web\/wp-content\/uploads\/linija-standard\/sv_thumb.jpg\" alt=\"Model Svilaj\" width=\"65\" height=\"135\" \/><\/a><figcaption id=\"caption-attachment-690\" class=\"wp-caption-text\">Svilaj<\/figcaption><\/figure>\n<\/div>\n<p><strong>Standard,<\/strong> PVC panneaux decoratifs <span style=\"color: #800000;\"><strong>900 x 2100 mm<\/strong><\/span>:<\/p>\n<div id=\"paneli\">\n<figure id=\"attachment_691\" aria-describedby=\"caption-attachment-691\" style=\"width: 65px\" class=\"wp-caption alignleft\"><a title=\"Standard \u2013 model U\u010dka\" href=\"https:\/\/grad-export.hr\/fr\/ucka\"><img loading=\"lazy\" decoding=\"async\" class=\"size-full wp-image-691\" src=\"http:\/\/grad-export.hr\/web\/wp-content\/uploads\/linija-standard\/uc_thumb.jpg\" alt=\"Model U\u010dka\" width=\"65\" height=\"135\" \/><\/a><figcaption id=\"caption-attachment-691\" class=\"wp-caption-text\">U\u010dka<\/figcaption><\/figure>\n<figure id=\"attachment_692\" aria-describedby=\"caption-attachment-692\" style=\"width: 65px\" class=\"wp-caption alignleft\"><a title=\"Standard \u2013 model Velebit\" href=\"https:\/\/grad-export.hr\/fr\/velebit\"><img loading=\"lazy\" decoding=\"async\" class=\"size-full wp-image-692\" src=\"http:\/\/grad-export.hr\/web\/wp-content\/uploads\/linija-standard\/ve_thumb.jpg\" alt=\"Model Velebit\" width=\"65\" height=\"135\" \/><\/a><figcaption id=\"caption-attachment-692\" class=\"wp-caption-text\">Velebit<\/figcaption><\/figure>\n<\/div>\n<p><strong>Parties tierc\u00e9es<\/strong><\/p>\n<div id=\"paneli\">\n<figure id=\"attachment_689\" aria-describedby=\"caption-attachment-689\" style=\"width: 96px\" class=\"wp-caption alignleft\"><a title=\"Standard \u2013 polupaneli\" href=\"https:\/\/grad-export.hr\/fr\/polupaneli-standard\"><img loading=\"lazy\" decoding=\"async\" class=\"size-full wp-image-689\" src=\"http:\/\/grad-export.hr\/web\/wp-content\/uploads\/linija-standard\/polupaneli_thumb.jpg\" alt=\"Polupaneli linije Standard\" width=\"96\" height=\"135\" \/><\/a><figcaption id=\"caption-attachment-689\" class=\"wp-caption-text\">Standard &#8211; Parties tierc\u00e9es<\/figcaption><\/figure>\n<\/div>\n","protected":false},"excerpt":{"rendered":"<p>Les panneaux simples de design classique de ligne Classic si distinguent de une bordure moins exprim\u00e9e, moins d\u00e9corations de verre et un prix plus bas. L&#8217;epaisseur standard de panneau est 24 mm, sans renfort (d\u00e9nomination OS). Le couleur standard de PVC est blanc. Les vitrages dans les panneaux sont vitrages isolants. Les r\u00e9alisations de verre [&hellip;]<\/p>\n","protected":false},"author":1,"featured_media":687,"parent":0,"menu_order":0,"comment_status":"closed","ping_status":"open","template":"","meta":{"ngg_post_thumbnail":0,"__cvm_playback_settings":[],"__cvm_video_id":"","footnotes":""},"class_list":["post-4457","page","type-page","status-publish","has-post-thumbnail","czr-hentry"],"_links":{"self":[{"href":"https:\/\/grad-export.hr\/fr\/wp-json\/wp\/v2\/pages\/4457"}],"collection":[{"href":"https:\/\/grad-export.hr\/fr\/wp-json\/wp\/v2\/pages"}],"about":[{"href":"https:\/\/grad-export.hr\/fr\/wp-json\/wp\/v2\/types\/page"}],"author":[{"embeddable":true,"href":"https:\/\/grad-export.hr\/fr\/wp-json\/wp\/v2\/users\/1"}],"replies":[{"embeddable":true,"href":"https:\/\/grad-export.hr\/fr\/wp-json\/wp\/v2\/comments?post=4457"}],"version-history":[{"count":5,"href":"https:\/\/grad-export.hr\/fr\/wp-json\/wp\/v2\/pages\/4457\/revisions"}],"predecessor-version":[{"id":15383,"href":"https:\/\/grad-export.hr\/fr\/wp-json\/wp\/v2\/pages\/4457\/revisions\/15383"}],"wp:featuredmedia":[{"embeddable":true,"href":"https:\/\/grad-export.hr\/fr\/wp-json\/wp\/v2\/media\/687"}],"wp:attachment":[{"href":"https:\/\/grad-export.hr\/fr\/wp-json\/wp\/v2\/media?parent=4457"}],"curies":[{"name":"wp","href":"https:\/\/api.w.org\/{rel}","templated":true}]}}