{"id":4523,"date":"2015-04-12T15:21:08","date_gmt":"2015-04-12T15:21:08","guid":{"rendered":"http:\/\/grad-export.hr\/web\/?page_id=4523"},"modified":"2020-11-18T18:20:38","modified_gmt":"2020-11-18T18:20:38","slug":"elite-plus","status":"publish","type":"page","link":"https:\/\/grad-export.hr\/fr\/elite-plus","title":{"rendered":"Le programme Elite+:  ALU panneaux decoratifs"},"content":{"rendered":"<p>Les panneaux dans le programme Elite+ sont sans renfort (d\u00e9nomination OS). Les panneaux sont d&#8217;epaisseur de 24mm, 36mm et 40 mm. Autres epaisseurs seulement sur demande.<br \/>\nVitrages dans les panneaux de programme Elite+ \u2013 24 mm \u2013 peuvent \u00eatre seulemente avec deux couches (verre isolant). Chez les panneaux de epaisseur de 36 mm et 40 mm les vitrages peuvent \u00eatre avec deux et trois couches.<\/p>\n<p>Applications:<br \/>\n\u00c0 l&#8217;ext\u00e9rieur on a une application de verre coll\u00e9e.  Dans l&#8217;offre on a 4 r\u00e9alisations:<br \/>\n-Float 6mm tremp\u00e9\/\u00e9maill\u00e9 dans RAL 9006<br \/>\n-Float 6mm tremp\u00e9\/\u00e9maill\u00e9 dans RAL 9005<br \/>\n-Stopsol gris light privablue 6mm tremp\u00e9\/\u00e9maill\u00e9 dans RAL 7031<br \/>\n-Planibel gris 6mm tremp\u00e9\/\u00e9maill\u00e9 dans RAL 7024<br \/>\n\u00c0 l&#8217;int\u00e9rieur si peut coller INOX application, selon le d\u00e9sir de client \u2013 polie ou bross\u00e9e des m\u00eames dimensions comme la application de verre ext\u00e9rieure ou le panneau peut \u00eatre aussi sans application.<\/p>\n<p>Les couleurs de programme Elite+ sont divis\u00e9es dans deux groupes: les couleurs standards \u2013 dans l&#8217;offre on a 13 couleurs, et les couleurs sp\u00e9ciales \u2013 dans l&#8217;offre on a aluminium d\u00e9cors de bois et toutes les couleurs d&#8217;aluminium de la carte RAL.<br \/>\n&nbsp;<\/p>\n<div id=\"paneli-elite\">\n<figure id=\"attachment_581\" aria-describedby=\"caption-attachment-581\" style=\"width: 78px\" class=\"wp-caption alignleft\"><a href=\"https:\/\/grad-export.hr\/fr\/model-basel\"><img loading=\"lazy\" decoding=\"async\" class=\"size-full wp-image-581\" src=\"http:\/\/grad-export.hr\/web\/wp-content\/uploads\/linija-elite-2\/e-basel.jpg\" alt=\"Elite+: Basel\" width=\"78\" height=\"160\" \/><\/a><figcaption id=\"caption-attachment-581\" class=\"wp-caption-text\">Basel<\/figcaption><\/figure>\n<figure id=\"attachment_582\" aria-describedby=\"caption-attachment-582\" style=\"width: 78px\" class=\"wp-caption alignleft\"><a title=\"Elite+ Model Bonn\" href=\"https:\/\/grad-export.hr\/fr\/model-bonn\"><img loading=\"lazy\" decoding=\"async\" class=\"size-full wp-image-582\" src=\"http:\/\/grad-export.hr\/web\/wp-content\/uploads\/linija-elite-2\/e-bonn.jpg\" alt=\"Elite+: Bonn\" width=\"78\" height=\"160\" \/><\/a><figcaption id=\"caption-attachment-582\" class=\"wp-caption-text\">Bonn<\/figcaption><\/figure>\n<figure id=\"attachment_583\" aria-describedby=\"caption-attachment-583\" style=\"width: 78px\" class=\"wp-caption alignleft\"><a title=\"Elite+ Model Monaco\" href=\"https:\/\/grad-export.hr\/fr\/model-monaco\"><img loading=\"lazy\" decoding=\"async\" class=\"size-full wp-image-583\" src=\"http:\/\/grad-export.hr\/web\/wp-content\/uploads\/linija-elite-2\/e-monaco.jpg\" alt=\"Elite+: Monaco\" width=\"78\" height=\"160\" \/><\/a><figcaption id=\"caption-attachment-583\" class=\"wp-caption-text\">Monaco<\/figcaption><\/figure>\n<figure id=\"attachment_584\" aria-describedby=\"caption-attachment-584\" style=\"width: 78px\" class=\"wp-caption alignleft\"><a title=\"Elite+ Model Porto\" href=\"https:\/\/grad-export.hr\/fr\/model-porto\"><img loading=\"lazy\" decoding=\"async\" class=\"size-full wp-image-584\" src=\"http:\/\/grad-export.hr\/web\/wp-content\/uploads\/linija-elite-2\/e-porto.jpg\" alt=\"Elite+: Porto\" width=\"78\" height=\"160\" \/><\/a><figcaption id=\"caption-attachment-584\" class=\"wp-caption-text\">Porto<\/figcaption><\/figure>\n<figure id=\"attachment_585\" aria-describedby=\"caption-attachment-585\" style=\"width: 78px\" class=\"wp-caption alignleft\"><a title=\"Elite+ Model Ulm\" href=\"https:\/\/grad-export.hr\/fr\/model-ulm\"><img loading=\"lazy\" decoding=\"async\" class=\"size-full wp-image-585\" src=\"http:\/\/grad-export.hr\/web\/wp-content\/uploads\/linija-elite-2\/e-ulm.jpg\" alt=\"Elite+: Ulm\" width=\"78\" height=\"160\" \/><\/a><figcaption id=\"caption-attachment-585\" class=\"wp-caption-text\">Ulm<\/figcaption><\/figure>\n<\/div>\n","protected":false},"excerpt":{"rendered":"<p>Les panneaux dans le programme Elite+ sont sans renfort (d\u00e9nomination OS). Les panneaux sont d&#8217;epaisseur de 24mm, 36mm et 40 mm. Autres epaisseurs seulement sur demande. Vitrages dans les panneaux de programme Elite+ \u2013 24 mm \u2013 peuvent \u00eatre seulemente avec deux couches (verre isolant). Chez les panneaux de epaisseur de 36 mm et 40 [&hellip;]<\/p>\n","protected":false},"author":1,"featured_media":581,"parent":0,"menu_order":0,"comment_status":"open","ping_status":"open","template":"","meta":{"ngg_post_thumbnail":0,"__cvm_playback_settings":[],"__cvm_video_id":"","footnotes":""},"class_list":["post-4523","page","type-page","status-publish","has-post-thumbnail","czr-hentry"],"_links":{"self":[{"href":"https:\/\/grad-export.hr\/fr\/wp-json\/wp\/v2\/pages\/4523"}],"collection":[{"href":"https:\/\/grad-export.hr\/fr\/wp-json\/wp\/v2\/pages"}],"about":[{"href":"https:\/\/grad-export.hr\/fr\/wp-json\/wp\/v2\/types\/page"}],"author":[{"embeddable":true,"href":"https:\/\/grad-export.hr\/fr\/wp-json\/wp\/v2\/users\/1"}],"replies":[{"embeddable":true,"href":"https:\/\/grad-export.hr\/fr\/wp-json\/wp\/v2\/comments?post=4523"}],"version-history":[{"count":6,"href":"https:\/\/grad-export.hr\/fr\/wp-json\/wp\/v2\/pages\/4523\/revisions"}],"predecessor-version":[{"id":18264,"href":"https:\/\/grad-export.hr\/fr\/wp-json\/wp\/v2\/pages\/4523\/revisions\/18264"}],"wp:featuredmedia":[{"embeddable":true,"href":"https:\/\/grad-export.hr\/fr\/wp-json\/wp\/v2\/media\/581"}],"wp:attachment":[{"href":"https:\/\/grad-export.hr\/fr\/wp-json\/wp\/v2\/media?parent=4523"}],"curies":[{"name":"wp","href":"https:\/\/api.w.org\/{rel}","templated":true}]}}