{"id":4547,"date":"2015-04-12T16:04:55","date_gmt":"2015-04-12T16:04:55","guid":{"rendered":"http:\/\/grad-export.hr\/web\/?page_id=4547"},"modified":"2017-11-07T21:08:20","modified_gmt":"2017-11-07T21:08:20","slug":"linija-future","status":"publish","type":"page","link":"https:\/\/grad-export.hr\/fr\/linija-future","title":{"rendered":"HPL panneaux decoratifs &#8211; Le programme Future"},"content":{"rendered":"<p>Les panneaux dans le programme Future peuvent \u00eatre standard renforc\u00e9es (d\u00e9nomination SO) et sans renfort (d\u00e9nomination OS). Les panneaux peuvent \u00eatre d&#8217;epaisseur de 24 mm, 36 mm et 40 mm.<br \/>\nLes vitrages dans les panneaux sont vitrages isolants. De plus, les vitrages peuvent \u00eatre des epaisseurs et coupes differents \u2013 que d\u00e9pend aussi de la epaisseur de panneau. Les r\u00e9alisations de vitrage sont diff\u00e9rentes: ornamental, satinato avec ruban de plomb, vitrail avec feuille, facettes, vitrail avec facette, verre en fusion\u2026 Seulement certains panneaux ont la possibilit\u00e9 d&#8217;installation de verre de s\u00e9curit\u00e9.<br \/>\nLes panneaux sont \u00e9galement disponibles dans les versions en aluminium. Les couleurs possibles de ALU panneaux decoratifs du programme Future \u2013 blac, gris, vert et marron.<br \/>\nLes couleurs possibles de HPL panneaux decoratifs du programme Future \u2013 toutes les coulers d&#8217;offre.<br \/>\nLes couleurs possibles des applications \u2013 toutes les couleurs de PVC que sont dans l&#8217;offre (blanc, rouge, vert, bleu, gris, d\u00e9cors de bois) et INOX application.<br \/>\nDans l&#8217;ordre pour partie tierc\u00e9e est obligatoire identifier le mod\u00e8l de panneau et la d\u00e9nomination de verre parce que on a beaucoup de r\u00e9alisations de verre.<\/p>\n<p>Format d\u2019origine: 900&#215;2100 mm<\/p>\n<div id=\"paneli\">\n<figure id=\"attachment_632\" aria-describedby=\"caption-attachment-632\" style=\"width: 65px\" class=\"wp-caption alignleft\"><a title=\"Future \u2013 model Biokovo\" href=\"https:\/\/grad-export.hr\/fr\/biokovo\"><img loading=\"lazy\" decoding=\"async\" class=\"size-full wp-image-632\" src=\"http:\/\/grad-export.hr\/web\/wp-content\/uploads\/future-model-biokovo\/biokovo4.jpg\" alt=\"Model Biokovo (BIO)\" width=\"65\" height=\"135\" \/><\/a><figcaption id=\"caption-attachment-632\" class=\"wp-caption-text\">Biokovo (BIO)<\/figcaption><\/figure>\n<figure id=\"attachment_633\" aria-describedby=\"caption-attachment-633\" style=\"width: 65px\" class=\"wp-caption alignleft\"><a title=\"Future \u2013 model Brijuni\" href=\"https:\/\/grad-export.hr\/fr\/brijuni\"><img loading=\"lazy\" decoding=\"async\" class=\"size-full wp-image-633\" src=\"http:\/\/grad-export.hr\/web\/wp-content\/uploads\/future-model-brijuni\/brijuni1.jpg\" alt=\"Model Brijuni\" width=\"65\" height=\"135\" \/><\/a><figcaption id=\"caption-attachment-633\" class=\"wp-caption-text\">Brijuni (BRI)<\/figcaption><\/figure>\n<figure id=\"attachment_634\" aria-describedby=\"caption-attachment-634\" style=\"width: 65px\" class=\"wp-caption alignleft\"><a title=\"Future \u2013 model Dilj\" href=\"https:\/\/grad-export.hr\/fr\/dilj\"><img loading=\"lazy\" decoding=\"async\" class=\"size-full wp-image-634\" src=\"http:\/\/grad-export.hr\/web\/wp-content\/uploads\/future-model-dilj\/dilj5.jpg\" alt=\"Model Dilj\" width=\"65\" height=\"135\" \/><\/a><figcaption id=\"caption-attachment-634\" class=\"wp-caption-text\">Dilj (DILJ)<\/figcaption><\/figure>\n<figure id=\"attachment_635\" aria-describedby=\"caption-attachment-635\" style=\"width: 65px\" class=\"wp-caption alignleft\"><a title=\"Future \u2013 model Dvor\" href=\"https:\/\/grad-export.hr\/fr\/dvor\"><img loading=\"lazy\" decoding=\"async\" class=\"size-full wp-image-635\" src=\"http:\/\/grad-export.hr\/web\/wp-content\/uploads\/linija-future\/dvo_thumb.jpg\" alt=\"Model Dvor\" width=\"65\" height=\"135\" \/><\/a><figcaption id=\"caption-attachment-635\" class=\"wp-caption-text\">Dvor (DVO)<\/figcaption><\/figure>\n<figure id=\"attachment_636\" aria-describedby=\"caption-attachment-636\" style=\"width: 65px\" class=\"wp-caption alignleft\"><a title=\"Future \u2013 model Erdut\" href=\"https:\/\/grad-export.hr\/fr\/erdut\"><img loading=\"lazy\" decoding=\"async\" class=\"size-full wp-image-636\" src=\"http:\/\/grad-export.hr\/web\/wp-content\/uploads\/future-model-erdut\/erdut6.jpg\" alt=\"Model Erdut\" width=\"65\" height=\"135\" \/><\/a><figcaption id=\"caption-attachment-636\" class=\"wp-caption-text\">Erdut (ERD)<\/figcaption><\/figure>\n<figure id=\"attachment_6483\" aria-describedby=\"caption-attachment-6483\" style=\"width: 65px\" class=\"wp-caption alignleft\"><a title=\"Future \u2013 model Galovac\" href=\"https:\/\/grad-export.hr\/fr\/galovac\"><img loading=\"lazy\" decoding=\"async\" class=\"size-full wp-image-6483\" src=\"http:\/\/grad-export.hr\/web\/wp-content\/uploads\/galovac\/GAL-DPL.jpg\" alt=\"Future - model Galovac\" width=\"65\" height=\"135\" \/><\/a><figcaption id=\"caption-attachment-6483\" class=\"wp-caption-text\">Galovac (GAL)<\/figcaption><\/figure>\n<figure id=\"attachment_637\" aria-describedby=\"caption-attachment-637\" style=\"width: 65px\" class=\"wp-caption alignleft\"><a title=\"Future \u2013 model Hvar\" href=\"https:\/\/grad-export.hr\/fr\/hvar\"><img loading=\"lazy\" decoding=\"async\" class=\"size-full wp-image-637\" src=\"http:\/\/grad-export.hr\/web\/wp-content\/uploads\/future-model-hvar\/hvar5.jpg\" alt=\"Model Hvar\" width=\"65\" height=\"135\" \/><\/a><figcaption id=\"caption-attachment-637\" class=\"wp-caption-text\">Hvar (HVA)<\/figcaption><\/figure>\n<figure id=\"attachment_6527\" aria-describedby=\"caption-attachment-6527\" style=\"width: 65px\" class=\"wp-caption alignleft\"><a href=\"https:\/\/grad-export.hr\/fr\/jankovac\" title=\"Future \u2013 model Jankovac\"><img loading=\"lazy\" decoding=\"async\" src=\"http:\/\/grad-export.hr\/web\/wp-content\/uploads\/jankovac\/JAN-DPO.jpg\" alt=\"Future - model Jankovac\" width=\"65\" height=\"135\" class=\"size-full wp-image-6527\" srcset=\"https:\/\/grad-export.hr\/web\/wp-content\/uploads\/jankovac\/JAN-DPO.jpg 261w, https:\/\/grad-export.hr\/web\/wp-content\/uploads\/jankovac\/JAN-DPO-194x403.jpg 194w\" sizes=\"(max-width: 65px) 100vw, 65px\" \/><\/a><figcaption id=\"caption-attachment-6527\" class=\"wp-caption-text\">Jankovac (JAN)<\/figcaption><\/figure>\n<figure id=\"attachment_6577\" aria-describedby=\"caption-attachment-6577\" style=\"width: 65px\" class=\"wp-caption alignleft\"><a href=\"https:\/\/grad-export.hr\/fr\/jezerce\" title=\"Future \u2013 model Jezerce\"><img loading=\"lazy\" decoding=\"async\" src=\"http:\/\/grad-export.hr\/web\/wp-content\/uploads\/linija-future\/jez_thumb.jpg\" alt=\"Jezerce\" width=\"65\" height=\"135\" class=\"size-full wp-image-6577\" \/><\/a><figcaption id=\"caption-attachment-6577\" class=\"wp-caption-text\">Jezerce (JEZ)<\/figcaption><\/figure>\n<figure id=\"attachment_638\" aria-describedby=\"caption-attachment-638\" style=\"width: 65px\" class=\"wp-caption alignleft\"><a title=\"Future \u2013 model Kali\" href=\"https:\/\/grad-export.hr\/fr\/kali\"><img loading=\"lazy\" decoding=\"async\" class=\"size-full wp-image-638\" src=\"http:\/\/grad-export.hr\/web\/wp-content\/uploads\/future-model-kali\/kali4.jpg\" alt=\"Model Kali\" width=\"65\" height=\"135\" \/><\/a><figcaption id=\"caption-attachment-638\" class=\"wp-caption-text\">Kali (KAL)<\/figcaption><\/figure>\n<figure id=\"attachment_639\" aria-describedby=\"caption-attachment-639\" style=\"width: 65px\" class=\"wp-caption alignleft\"><a title=\"Future \u2013 model Klek\" href=\"https:\/\/grad-export.hr\/fr\/klek\"><img loading=\"lazy\" decoding=\"async\" class=\"size-full wp-image-639\" src=\"http:\/\/grad-export.hr\/web\/wp-content\/uploads\/linija-future\/kle_thumb.jpg\" alt=\"Model Klek\" width=\"65\" height=\"135\" \/><\/a><figcaption id=\"caption-attachment-639\" class=\"wp-caption-text\">Klek (KLE)<\/figcaption><\/figure>\n<figure id=\"attachment_640\" aria-describedby=\"caption-attachment-640\" style=\"width: 65px\" class=\"wp-caption alignleft\"><a title=\"Future \u2013 model Kopa\u010dki rit\" href=\"https:\/\/grad-export.hr\/fr\/kopacki-rit\"><img loading=\"lazy\" decoding=\"async\" class=\"size-full wp-image-640\" src=\"http:\/\/grad-export.hr\/web\/wp-content\/uploads\/future-model-kopacki-rit\/kopacki1.jpg\" alt=\"Model Kopa\u010dki Rit\" width=\"65\" height=\"135\" \/><\/a><figcaption id=\"caption-attachment-640\" class=\"wp-caption-text\">Kopa\u010dki rit (KOP)<\/figcaption><\/figure>\n<figure id=\"attachment_641\" aria-describedby=\"caption-attachment-641\" style=\"width: 65px\" class=\"wp-caption alignleft\"><a title=\"Future \u2013 model Kornati\" href=\"https:\/\/grad-export.hr\/fr\/kornati\"><img loading=\"lazy\" decoding=\"async\" class=\"size-full wp-image-641\" src=\"http:\/\/grad-export.hr\/web\/wp-content\/uploads\/future-model-kornati\/kornati1.jpg\" alt=\"Model Kornati\" width=\"65\" height=\"135\" \/><\/a><figcaption id=\"caption-attachment-641\" class=\"wp-caption-text\">Kornati (KOR)<\/figcaption><\/figure>\n<figure id=\"attachment_642\" aria-describedby=\"caption-attachment-642\" style=\"width: 65px\" class=\"wp-caption alignleft\"><a title=\"Future \u2013 model Kozjak\" href=\"https:\/\/grad-export.hr\/fr\/kozjak\"><img loading=\"lazy\" decoding=\"async\" class=\"size-full wp-image-642\" src=\"http:\/\/grad-export.hr\/web\/wp-content\/uploads\/linija-future\/koz_thumb.jpg\" alt=\"Model Kozjak\" width=\"65\" height=\"135\" \/><\/a><figcaption id=\"caption-attachment-642\" class=\"wp-caption-text\">Kozjak (KOZ)<\/figcaption><\/figure>\n<figure id=\"attachment_6581\" aria-describedby=\"caption-attachment-6581\" style=\"width: 65px\" class=\"wp-caption alignleft\"><a href=\"https:\/\/grad-export.hr\/fr\/lastovo\" title=\"Future \u2013 model Lastovo\"><img loading=\"lazy\" decoding=\"async\" src=\"http:\/\/grad-export.hr\/web\/wp-content\/uploads\/linija-future\/las_thumb.jpg\" alt=\"Future - model Lastovo\" width=\"65\" height=\"135\" class=\"size-full wp-image-6581\" \/><\/a><figcaption id=\"caption-attachment-6581\" class=\"wp-caption-text\">Lastovo (LAS)<\/figcaption><\/figure>\n<figure id=\"attachment_6552\" aria-describedby=\"caption-attachment-6552\" style=\"width: 65px\" class=\"wp-caption alignleft\"><a href=\"https:\/\/grad-export.hr\/fr\/lonja\" title=\"Future \u2013 model Lonja\"><img loading=\"lazy\" decoding=\"async\" src=\"http:\/\/grad-export.hr\/web\/wp-content\/uploads\/future-model-lonja\/LONJ-DPK.jpg\" alt=\"Future - model Lonja\" width=\"65\" height=\"135\" class=\"size-full wp-image-6552\" srcset=\"https:\/\/grad-export.hr\/web\/wp-content\/uploads\/future-model-lonja\/LONJ-DPK.jpg 261w, https:\/\/grad-export.hr\/web\/wp-content\/uploads\/future-model-lonja\/LONJ-DPK-194x403.jpg 194w\" sizes=\"(max-width: 65px) 100vw, 65px\" \/><\/a><figcaption id=\"caption-attachment-6552\" class=\"wp-caption-text\">Lonja (LONJ)<\/figcaption><\/figure>\n<figure id=\"attachment_643\" aria-describedby=\"caption-attachment-643\" style=\"width: 65px\" class=\"wp-caption alignleft\"><a title=\"Future \u2013 model Medvednica\" href=\"https:\/\/grad-export.hr\/fr\/medvednica\"><img loading=\"lazy\" decoding=\"async\" class=\"size-full wp-image-643\" src=\"http:\/\/grad-export.hr\/web\/wp-content\/uploads\/linija-future\/med_thumb.jpg\" alt=\"Model Medvednica\" width=\"65\" height=\"135\" \/><\/a><figcaption id=\"caption-attachment-643\" class=\"wp-caption-text\">Medvednica (MED)<\/figcaption><\/figure>\n<figure id=\"attachment_644\" aria-describedby=\"caption-attachment-644\" style=\"width: 65px\" class=\"wp-caption alignleft\"><a title=\"Future \u2013 model Mljet\" href=\"https:\/\/grad-export.hr\/fr\/mljet\"><img loading=\"lazy\" decoding=\"async\" class=\"size-full wp-image-644\" src=\"http:\/\/grad-export.hr\/web\/wp-content\/uploads\/future-model-mljet\/mljet4.jpg\" alt=\"Model Mljet\" width=\"65\" height=\"135\" \/><\/a><figcaption id=\"caption-attachment-644\" class=\"wp-caption-text\">Mljet (MLJE)<\/figcaption><\/figure>\n<figure id=\"attachment_645\" aria-describedby=\"caption-attachment-645\" style=\"width: 65px\" class=\"wp-caption alignleft\"><a title=\"Future \u2013 model Murter\" href=\"https:\/\/grad-export.hr\/fr\/murter\"><img loading=\"lazy\" decoding=\"async\" class=\"size-full wp-image-645\" src=\"http:\/\/grad-export.hr\/web\/wp-content\/uploads\/linija-future\/mur_thumb.jpg\" alt=\"Model Murter\" width=\"65\" height=\"135\" \/><\/a><figcaption id=\"caption-attachment-645\" class=\"wp-caption-text\">Murter (MUR)<\/figcaption><\/figure>\n<figure id=\"attachment_646\" aria-describedby=\"caption-attachment-646\" style=\"width: 65px\" class=\"wp-caption alignleft\"><a title=\"Future \u2013 model Olib\" href=\"https:\/\/grad-export.hr\/fr\/olib\"><img loading=\"lazy\" decoding=\"async\" class=\"size-full wp-image-646\" src=\"http:\/\/grad-export.hr\/web\/wp-content\/uploads\/linija-future\/oli_thumb.jpg\" alt=\"Model Olib\" width=\"65\" height=\"135\" \/><\/a><figcaption id=\"caption-attachment-646\" class=\"wp-caption-text\">Olib (OLI)<\/figcaption><\/figure>\n<figure id=\"attachment_647\" aria-describedby=\"caption-attachment-647\" style=\"width: 65px\" class=\"wp-caption alignleft\"><a title=\"Future \u2013 model Paklenica\" href=\"https:\/\/grad-export.hr\/fr\/paklenica\"><img loading=\"lazy\" decoding=\"async\" class=\"size-full wp-image-647\" src=\"http:\/\/grad-export.hr\/web\/wp-content\/uploads\/future-model-paklenica\/paklenica3.jpg\" alt=\"Model Paklenica\" width=\"65\" height=\"135\" \/><\/a><figcaption id=\"caption-attachment-647\" class=\"wp-caption-text\">Paklenica (PAK)<\/figcaption><\/figure>\n<figure id=\"attachment_648\" aria-describedby=\"caption-attachment-648\" style=\"width: 65px\" class=\"wp-caption alignleft\"><a title=\"Future \u2013 model Papuk\" href=\"https:\/\/grad-export.hr\/fr\/papuk\"><img loading=\"lazy\" decoding=\"async\" class=\"size-full wp-image-648\" src=\"http:\/\/grad-export.hr\/web\/wp-content\/uploads\/future-model-papuk\/papuk4.jpg\" alt=\"Model Papuk\" width=\"65\" height=\"135\" \/><\/a><figcaption id=\"caption-attachment-648\" class=\"wp-caption-text\">Papuk (PAP)<\/figcaption><\/figure>\n<figure id=\"attachment_649\" aria-describedby=\"caption-attachment-649\" style=\"width: 65px\" class=\"wp-caption alignleft\"><a title=\"Future \u2013 model Plitvice\" href=\"https:\/\/grad-export.hr\/fr\/plitvice\"><img loading=\"lazy\" decoding=\"async\" class=\"size-full wp-image-649\" src=\"http:\/\/grad-export.hr\/web\/wp-content\/uploads\/future-model-plitvice\/plitvice5.jpg\" alt=\"Model Plitvice\" width=\"65\" height=\"135\" \/><\/a><figcaption id=\"caption-attachment-649\" class=\"wp-caption-text\">Plitvice (PLI)<\/figcaption><\/figure>\n<figure id=\"attachment_652\" aria-describedby=\"caption-attachment-652\" style=\"width: 65px\" class=\"wp-caption alignleft\"><a title=\"Future \u2013 model Psunj\" href=\"https:\/\/grad-export.hr\/fr\/psunj\"><img loading=\"lazy\" decoding=\"async\" class=\"size-full wp-image-652\" src=\"http:\/\/grad-export.hr\/web\/wp-content\/uploads\/linija-future\/psu_thumb.jpg\" alt=\"Model Psunj\" width=\"65\" height=\"135\" \/><\/a><figcaption id=\"caption-attachment-652\" class=\"wp-caption-text\">Psunj (PSU)<\/figcaption><\/figure>\n<figure id=\"attachment_6587\" aria-describedby=\"caption-attachment-6587\" style=\"width: 65px\" class=\"wp-caption alignleft\"><a href=\"https:\/\/grad-export.hr\/fr\/rastoke\" title=\"Future \u2013 model Rastoke\"><img loading=\"lazy\" decoding=\"async\" src=\"http:\/\/grad-export.hr\/web\/wp-content\/uploads\/linija-future\/ras_thumb.jpg\" alt=\"Future - model Rastoke\" width=\"65\" height=\"135\" class=\"size-full wp-image-6587\" \/><\/a><figcaption id=\"caption-attachment-6587\" class=\"wp-caption-text\">Rastoke (RAS)<\/figcaption><\/figure>\n<figure id=\"attachment_653\" aria-describedby=\"caption-attachment-653\" style=\"width: 65px\" class=\"wp-caption alignleft\"><a title=\"Future \u2013 model Risnjak\" href=\"https:\/\/grad-export.hr\/fr\/risnjak\"><img loading=\"lazy\" decoding=\"async\" class=\"size-full wp-image-653\" src=\"http:\/\/grad-export.hr\/web\/wp-content\/uploads\/future-model-risnjak\/risnjak1.jpg\" alt=\"Model Risnjak\" width=\"65\" height=\"135\" \/><\/a><figcaption id=\"caption-attachment-653\" class=\"wp-caption-text\">Risnjak (RIS)<\/figcaption><\/figure>\n<figure id=\"attachment_6495\" aria-describedby=\"caption-attachment-6495\" style=\"width: 65px\" class=\"wp-caption alignleft\"><a href=\"https:\/\/grad-export.hr\/fr\/skradin\" title=\"Future \u2013 model Skradin\"><img loading=\"lazy\" decoding=\"async\" src=\"http:\/\/grad-export.hr\/web\/wp-content\/uploads\/skradin\/SKR-DPZ.jpg\" alt=\"Future - model Skradin\" width=\"65\" height=\"135\" class=\"size-full wp-image-6495\" srcset=\"https:\/\/grad-export.hr\/web\/wp-content\/uploads\/skradin\/SKR-DPZ.jpg 261w, https:\/\/grad-export.hr\/web\/wp-content\/uploads\/skradin\/SKR-DPZ-194x403.jpg 194w\" sizes=\"(max-width: 65px) 100vw, 65px\" \/><\/a><figcaption id=\"caption-attachment-6495\" class=\"wp-caption-text\">Skradin (SKR)<\/figcaption><\/figure>\n<figure id=\"attachment_654\" aria-describedby=\"caption-attachment-654\" style=\"width: 65px\" class=\"wp-caption alignleft\"><a title=\"Future \u2013 model Ston\" href=\"https:\/\/grad-export.hr\/fr\/ston\"><img loading=\"lazy\" decoding=\"async\" class=\"size-full wp-image-654\" src=\"http:\/\/grad-export.hr\/web\/wp-content\/uploads\/linija-future\/sto_thumb.jpg\" alt=\"Model Ston\" width=\"65\" height=\"135\" \/><\/a><figcaption id=\"caption-attachment-654\" class=\"wp-caption-text\">Ston (STO)<\/figcaption><\/figure>\n<figure id=\"attachment_6534\" aria-describedby=\"caption-attachment-6534\" style=\"width: 65px\" class=\"wp-caption alignleft\"><a href=\"https:\/\/grad-export.hr\/fr\/telascica\" title=\"Future \u2013 model Tela\u0161\u0107ica\"><img loading=\"lazy\" decoding=\"async\" src=\"http:\/\/grad-export.hr\/web\/wp-content\/uploads\/telascica\/TEL-DPZ.jpg\" alt=\"Future - model Tela\u0161\u0107ica\" width=\"65\" height=\"135\" class=\"size-full wp-image-6534\" srcset=\"https:\/\/grad-export.hr\/web\/wp-content\/uploads\/telascica\/TEL-DPZ.jpg 261w, https:\/\/grad-export.hr\/web\/wp-content\/uploads\/telascica\/TEL-DPZ-194x403.jpg 194w\" sizes=\"(max-width: 65px) 100vw, 65px\" \/><\/a><figcaption id=\"caption-attachment-6534\" class=\"wp-caption-text\">Tela\u0161\u0107ica (TEL)<\/figcaption><\/figure>\n<figure id=\"attachment_655\" aria-describedby=\"caption-attachment-655\" style=\"width: 65px\" class=\"wp-caption alignleft\"><a title=\"Future \u2013 model Vrana\" href=\"https:\/\/grad-export.hr\/fr\/vrana\"><img loading=\"lazy\" decoding=\"async\" class=\"size-full wp-image-655\" src=\"http:\/\/grad-export.hr\/web\/wp-content\/uploads\/future-model-vrana\/vrana3.jpg\" alt=\"Model Vrana\" width=\"65\" height=\"135\" \/><\/a><figcaption id=\"caption-attachment-655\" class=\"wp-caption-text\">Vrana (VRA)<\/figcaption><\/figure>\n<figure id=\"attachment_656\" aria-describedby=\"caption-attachment-656\" style=\"width: 65px\" class=\"wp-caption alignleft\"><a title=\"Future \u2013 model Vrsar\" href=\"https:\/\/grad-export.hr\/fr\/vrsar\"><img loading=\"lazy\" decoding=\"async\" class=\"size-full wp-image-656\" src=\"http:\/\/grad-export.hr\/web\/wp-content\/uploads\/future-model-vrsar\/vrsar2.jpg\" alt=\"Model Vrsar\" width=\"65\" height=\"135\" \/><\/a><figcaption id=\"caption-attachment-656\" class=\"wp-caption-text\">Vrsar (VRS)<\/figcaption><\/figure>\n<figure id=\"attachment_6517\" aria-describedby=\"caption-attachment-6517\" style=\"width: 65px\" class=\"wp-caption alignleft\"><a href=\"https:\/\/grad-export.hr\/fr\/zumberak\" title=\"Future \u2013 model \u017dumberak\"><img loading=\"lazy\" decoding=\"async\" src=\"http:\/\/grad-export.hr\/web\/wp-content\/uploads\/zumberak\/ZUM-DPZ.jpg\" alt=\"Future - model \u017dumberak\" width=\"65\" height=\"135\" class=\"size-full wp-image-6517\" \/><\/a><figcaption id=\"caption-attachment-6517\" class=\"wp-caption-text\">\u017dumberak (\u017dUM)<\/figcaption><\/figure>\n<figure id=\"attachment_651\" aria-describedby=\"caption-attachment-651\" style=\"width: 96px\" class=\"wp-caption alignleft\"><a title=\"Future \u2013 polupaneli\" href=\"https:\/\/grad-export.hr\/fr\/polupaneli-future\"><img loading=\"lazy\" decoding=\"async\" src=\"http:\/\/grad-export.hr\/web\/wp-content\/uploads\/future-polupaneli\/polup_klek.jpg\" alt=\"Polupaneli Future\" width=\"96\" height=\"135\" class=\"size-full wp-image-651\" \/><\/a><figcaption id=\"caption-attachment-651\" class=\"wp-caption-text\">Parties tierc\u00e9es<\/figcaption><\/figure>\n<\/div>\n","protected":false},"excerpt":{"rendered":"<p>Les panneaux dans le programme Future peuvent \u00eatre standard renforc\u00e9es (d\u00e9nomination SO) et sans renfort (d\u00e9nomination OS). Les panneaux peuvent \u00eatre d&#8217;epaisseur de 24 mm, 36 mm et 40 mm. Les vitrages dans les panneaux sont vitrages isolants. De plus, les vitrages peuvent \u00eatre des epaisseurs et coupes differents \u2013 que d\u00e9pend aussi de la [&hellip;]<\/p>\n","protected":false},"author":1,"featured_media":632,"parent":0,"menu_order":0,"comment_status":"closed","ping_status":"open","template":"","meta":{"ngg_post_thumbnail":0,"__cvm_playback_settings":[],"__cvm_video_id":"","footnotes":""},"class_list":["post-4547","page","type-page","status-publish","has-post-thumbnail","czr-hentry"],"_links":{"self":[{"href":"https:\/\/grad-export.hr\/fr\/wp-json\/wp\/v2\/pages\/4547"}],"collection":[{"href":"https:\/\/grad-export.hr\/fr\/wp-json\/wp\/v2\/pages"}],"about":[{"href":"https:\/\/grad-export.hr\/fr\/wp-json\/wp\/v2\/types\/page"}],"author":[{"embeddable":true,"href":"https:\/\/grad-export.hr\/fr\/wp-json\/wp\/v2\/users\/1"}],"replies":[{"embeddable":true,"href":"https:\/\/grad-export.hr\/fr\/wp-json\/wp\/v2\/comments?post=4547"}],"version-history":[{"count":10,"href":"https:\/\/grad-export.hr\/fr\/wp-json\/wp\/v2\/pages\/4547\/revisions"}],"predecessor-version":[{"id":15327,"href":"https:\/\/grad-export.hr\/fr\/wp-json\/wp\/v2\/pages\/4547\/revisions\/15327"}],"wp:featuredmedia":[{"embeddable":true,"href":"https:\/\/grad-export.hr\/fr\/wp-json\/wp\/v2\/media\/632"}],"wp:attachment":[{"href":"https:\/\/grad-export.hr\/fr\/wp-json\/wp\/v2\/media?parent=4547"}],"curies":[{"name":"wp","href":"https:\/\/api.w.org\/{rel}","templated":true}]}}