{"id":4605,"date":"2015-04-12T18:09:50","date_gmt":"2015-04-12T18:09:50","guid":{"rendered":"http:\/\/grad-export.hr\/web\/?page_id=4605"},"modified":"2024-05-31T16:06:11","modified_gmt":"2024-05-31T16:06:11","slug":"sur-nous","status":"publish","type":"page","link":"https:\/\/grad-export.hr\/fr\/sur-nous","title":{"rendered":"Sur nous"},"content":{"rendered":"<p><img loading=\"lazy\" decoding=\"async\" class=\"alignnone wp-image-27401 size-large\" src=\"https:\/\/grad-export.hr\/web\/wp-content\/uploads\/o-nama\/Grad-1-of-1-1024x383.jpg\" alt=\"Grad Export d.o.o. Vinkovci, Croatia\" width=\"1024\" height=\"383\" srcset=\"https:\/\/grad-export.hr\/web\/wp-content\/uploads\/o-nama\/Grad-1-of-1-1024x383.jpg 1024w, https:\/\/grad-export.hr\/web\/wp-content\/uploads\/o-nama\/Grad-1-of-1-403x151.jpg 403w, https:\/\/grad-export.hr\/web\/wp-content\/uploads\/o-nama\/Grad-1-of-1-768x287.jpg 768w, https:\/\/grad-export.hr\/web\/wp-content\/uploads\/o-nama\/Grad-1-of-1-1536x575.jpg 1536w, https:\/\/grad-export.hr\/web\/wp-content\/uploads\/o-nama\/Grad-1-of-1-2048x766.jpg 2048w, https:\/\/grad-export.hr\/web\/wp-content\/uploads\/o-nama\/Grad-1-of-1-570x213.jpg 570w\" sizes=\"(max-width: 1024px) 100vw, 1024px\" \/><\/p>\n<p><strong>L&#8217;entreprise Grad-Export d.o.o. est fond\u00e9 en 1992 avec le si\u00e8ge dans Vinkovci. Si occupe avec la production des panneaux decoratifs ALU et PVC et panneaux isolants. La productions des panneaux decoratifs de \u201cGrad-Export\u201c est destin\u00e9 aux fabricants de ALU et PVC menuiserie en Croatie et plus loin.<\/strong><\/p>\n<p>Notre facilit\u00e9 de production se trouvent dans la zone industrielle de Vinkovci sur la surface de plus de 24.000 m\u00b2.<\/p>\n<p>Notre produits sont pr\u00e9sents avec succ\u00e8s dans plus de 26 pays. 11 s\u00e9ries avec plus de 200 mod\u00e8les des panneaux decoratifs sont r\u00e9sultat des nombreuses ann\u00e9es de travail et de d\u00e9veloppement constant de design et technologie.<\/p>\n<p>Avec la m\u00eame business approche nous allons \u00e0 persister dans les ann\u00e9es pour venir parce que les client satisfaits sont notre plus grande richesse.<\/p>\n<div id='gallery-1' class='czr-gallery row flex-row czr-gallery-style gallery galleryid-4605 gallery-columns-4 gallery-size-thumbnail'><figure class='gallery-item col col-auto'>\r\n                        <div class='gallery-icon landscape czr-gallery-icon'>\r\n                              <a data-lb-type=\"grouped-gallery\" href=https:\/\/grad-export.hr\/web\/wp-content\/uploads\/o-nama\/Grad-export_o-nama0002.jpg class=\"bg-link\"><\/a><img loading=\"lazy\" decoding=\"async\" width=\"150\" height=\"150\" src=\"https:\/\/grad-export.hr\/web\/wp-content\/uploads\/o-nama\/Grad-export_o-nama0002-150x150.jpg\" class=\"attachment-thumbnail size-thumbnail no-lazy\" alt=\"\" sizes=\"(min-width: 1200px) 255px, (min-width: 992px) 210px, (min-width: 768px) 150px, (min-width: 576px) 105px, calc( 50vw - 30px )\" \/>\r\n                        <\/div><\/figure><figure class='gallery-item col col-auto'>\r\n                        <div class='gallery-icon landscape czr-gallery-icon'>\r\n                              <a data-lb-type=\"grouped-gallery\" href=https:\/\/grad-export.hr\/web\/wp-content\/uploads\/o-nama\/Grad-export_o-nama0003.jpg class=\"bg-link\"><\/a><img loading=\"lazy\" decoding=\"async\" width=\"150\" height=\"150\" src=\"https:\/\/grad-export.hr\/web\/wp-content\/uploads\/o-nama\/Grad-export_o-nama0003-150x150.jpg\" class=\"attachment-thumbnail size-thumbnail no-lazy\" alt=\"\" sizes=\"(min-width: 1200px) 255px, (min-width: 992px) 210px, (min-width: 768px) 150px, (min-width: 576px) 105px, calc( 50vw - 30px )\" \/>\r\n                        <\/div><\/figure><figure class='gallery-item col col-auto'>\r\n                        <div class='gallery-icon landscape czr-gallery-icon'>\r\n                              <a data-lb-type=\"grouped-gallery\" href=https:\/\/grad-export.hr\/web\/wp-content\/uploads\/o-nama\/Grad-export_o-nama0004.jpg class=\"bg-link\"><\/a><img loading=\"lazy\" decoding=\"async\" width=\"150\" height=\"150\" src=\"https:\/\/grad-export.hr\/web\/wp-content\/uploads\/o-nama\/Grad-export_o-nama0004-150x150.jpg\" class=\"attachment-thumbnail size-thumbnail no-lazy\" alt=\"\" sizes=\"(min-width: 1200px) 255px, (min-width: 992px) 210px, (min-width: 768px) 150px, (min-width: 576px) 105px, calc( 50vw - 30px )\" \/>\r\n                        <\/div><\/figure><figure class='gallery-item col col-auto'>\r\n                        <div class='gallery-icon landscape czr-gallery-icon'>\r\n                              <a data-lb-type=\"grouped-gallery\" href=https:\/\/grad-export.hr\/web\/wp-content\/uploads\/o-nama\/Grad-export_o-nama0005.jpg class=\"bg-link\"><\/a><img loading=\"lazy\" decoding=\"async\" width=\"150\" height=\"150\" src=\"https:\/\/grad-export.hr\/web\/wp-content\/uploads\/o-nama\/Grad-export_o-nama0005-150x150.jpg\" class=\"attachment-thumbnail size-thumbnail no-lazy\" alt=\"\" sizes=\"(min-width: 1200px) 255px, (min-width: 992px) 210px, (min-width: 768px) 150px, (min-width: 576px) 105px, calc( 50vw - 30px )\" \/>\r\n                        <\/div><\/figure><figure class='gallery-item col col-auto'>\r\n                        <div class='gallery-icon landscape czr-gallery-icon'>\r\n                              <a data-lb-type=\"grouped-gallery\" href=https:\/\/grad-export.hr\/web\/wp-content\/uploads\/o-nama\/Grad-export_o-nama0006.jpg class=\"bg-link\"><\/a><img loading=\"lazy\" decoding=\"async\" width=\"150\" height=\"150\" src=\"https:\/\/grad-export.hr\/web\/wp-content\/uploads\/o-nama\/Grad-export_o-nama0006-150x150.jpg\" class=\"attachment-thumbnail size-thumbnail no-lazy\" alt=\"\" sizes=\"(min-width: 1200px) 255px, (min-width: 992px) 210px, (min-width: 768px) 150px, (min-width: 576px) 105px, calc( 50vw - 30px )\" \/>\r\n                        <\/div><\/figure><figure class='gallery-item col col-auto'>\r\n                        <div class='gallery-icon portrait czr-gallery-icon'>\r\n                              <a data-lb-type=\"grouped-gallery\" href=https:\/\/grad-export.hr\/web\/wp-content\/uploads\/o-nama\/Grad-export_o-nama0001.jpg class=\"bg-link\"><\/a><img loading=\"lazy\" decoding=\"async\" width=\"150\" height=\"150\" src=\"https:\/\/grad-export.hr\/web\/wp-content\/uploads\/o-nama\/Grad-export_o-nama0001-150x150.jpg\" class=\"attachment-thumbnail size-thumbnail no-lazy\" alt=\"\" sizes=\"(min-width: 1200px) 255px, (min-width: 992px) 210px, (min-width: 768px) 150px, (min-width: 576px) 105px, calc( 50vw - 30px )\" \/>\r\n                        <\/div><\/figure><figure class='gallery-item col col-auto'>\r\n                        <div class='gallery-icon portrait czr-gallery-icon'>\r\n                              <a data-lb-type=\"grouped-gallery\" href=https:\/\/grad-export.hr\/web\/wp-content\/uploads\/o-nama\/Grad-export_o-nama0007.jpg class=\"bg-link\"><\/a><img loading=\"lazy\" decoding=\"async\" width=\"150\" height=\"150\" src=\"https:\/\/grad-export.hr\/web\/wp-content\/uploads\/o-nama\/Grad-export_o-nama0007-150x150.jpg\" class=\"attachment-thumbnail size-thumbnail no-lazy\" alt=\"Grad-export - O nama\" sizes=\"(min-width: 1200px) 255px, (min-width: 992px) 210px, (min-width: 768px) 150px, (min-width: 576px) 105px, calc( 50vw - 30px )\" \/>\r\n                        <\/div><\/figure>\r\n                  <\/div>\n\n<p><img loading=\"lazy\" decoding=\"async\" class=\"alignnone wp-image-26992 size-full\" src=\"https:\/\/grad-export.hr\/web\/wp-content\/uploads\/o-nama\/PSX_20240506_133524.jpg\" alt=\"Grad Export d.o.o. Vinkovci\" width=\"2200\" height=\"1238\" srcset=\"https:\/\/grad-export.hr\/web\/wp-content\/uploads\/o-nama\/PSX_20240506_133524.jpg 2200w, https:\/\/grad-export.hr\/web\/wp-content\/uploads\/o-nama\/PSX_20240506_133524-403x227.jpg 403w, https:\/\/grad-export.hr\/web\/wp-content\/uploads\/o-nama\/PSX_20240506_133524-1024x576.jpg 1024w, https:\/\/grad-export.hr\/web\/wp-content\/uploads\/o-nama\/PSX_20240506_133524-768x432.jpg 768w, https:\/\/grad-export.hr\/web\/wp-content\/uploads\/o-nama\/PSX_20240506_133524-1536x864.jpg 1536w, https:\/\/grad-export.hr\/web\/wp-content\/uploads\/o-nama\/PSX_20240506_133524-2048x1152.jpg 2048w, https:\/\/grad-export.hr\/web\/wp-content\/uploads\/o-nama\/PSX_20240506_133524-570x321.jpg 570w, https:\/\/grad-export.hr\/web\/wp-content\/uploads\/o-nama\/PSX_20240506_133524-1110x624.jpg 1110w, https:\/\/grad-export.hr\/web\/wp-content\/uploads\/o-nama\/PSX_20240506_133524-528x297.jpg 528w\" sizes=\"(max-width: 2200px) 100vw, 2200px\" \/><\/p>\n","protected":false},"excerpt":{"rendered":"<p>L&#8217;entreprise Grad-Export d.o.o. est fond\u00e9 en 1992 avec le si\u00e8ge dans Vinkovci. Si occupe avec la production des panneaux decoratifs ALU et PVC et panneaux isolants. La productions des panneaux decoratifs de \u201cGrad-Export\u201c est destin\u00e9 aux fabricants de ALU et PVC menuiserie en Croatie et plus loin. Notre facilit\u00e9 de production se trouvent dans la [&hellip;]<\/p>\n","protected":false},"author":1,"featured_media":18073,"parent":0,"menu_order":0,"comment_status":"open","ping_status":"open","template":"","meta":{"ngg_post_thumbnail":0,"__cvm_playback_settings":[],"__cvm_video_id":"","footnotes":""},"class_list":["post-4605","page","type-page","status-publish","has-post-thumbnail","czr-hentry"],"_links":{"self":[{"href":"https:\/\/grad-export.hr\/fr\/wp-json\/wp\/v2\/pages\/4605"}],"collection":[{"href":"https:\/\/grad-export.hr\/fr\/wp-json\/wp\/v2\/pages"}],"about":[{"href":"https:\/\/grad-export.hr\/fr\/wp-json\/wp\/v2\/types\/page"}],"author":[{"embeddable":true,"href":"https:\/\/grad-export.hr\/fr\/wp-json\/wp\/v2\/users\/1"}],"replies":[{"embeddable":true,"href":"https:\/\/grad-export.hr\/fr\/wp-json\/wp\/v2\/comments?post=4605"}],"version-history":[{"count":14,"href":"https:\/\/grad-export.hr\/fr\/wp-json\/wp\/v2\/pages\/4605\/revisions"}],"predecessor-version":[{"id":27415,"href":"https:\/\/grad-export.hr\/fr\/wp-json\/wp\/v2\/pages\/4605\/revisions\/27415"}],"wp:featuredmedia":[{"embeddable":true,"href":"https:\/\/grad-export.hr\/fr\/wp-json\/wp\/v2\/media\/18073"}],"wp:attachment":[{"href":"https:\/\/grad-export.hr\/fr\/wp-json\/wp\/v2\/media?parent=4605"}],"curies":[{"name":"wp","href":"https:\/\/api.w.org\/{rel}","templated":true}]}}