{"id":7106,"date":"2015-05-25T18:56:16","date_gmt":"2015-05-25T18:56:16","guid":{"rendered":"http:\/\/grad-export.hr\/?page_id=7106"},"modified":"2025-03-06T09:42:03","modified_gmt":"2025-03-06T09:42:03","slug":"model-copenhagen","status":"publish","type":"page","link":"https:\/\/grad-export.hr\/fr\/model-copenhagen","title":{"rendered":"Elite &#8211; Mod\u00e8le Copenhagen"},"content":{"rendered":"<div class=\"item\">\n<div class=\"slika-elite\">\n<div class=\"slika-noborder\"><img loading=\"lazy\" decoding=\"async\" src=\"http:\/\/grad-export.hr\/web\/wp-content\/uploads\/model-copenhagen\/copenhagen2.jpg\" alt=\"Elite - model Copenhagen\" width=\"261\" height=\"549\" class=\"alignleft size-full wp-image-6883\" srcset=\"https:\/\/grad-export.hr\/web\/wp-content\/uploads\/model-copenhagen\/copenhagen2.jpg 261w, https:\/\/grad-export.hr\/web\/wp-content\/uploads\/model-copenhagen\/copenhagen2-192x403.jpg 192w\" sizes=\"(max-width: 261px) 100vw, 261px\" \/><\/div>\n<\/div>\n<div class=\"descr-elite\">\n<span><\/p>\n<h5>Mod\u00e8le: Copenhagen<\/h5>\n<p>Imitation bois: CH\u00caNE DOR\u00c9 FS<br \/>\nVerre: DPZ<br \/>\nApplication: POLI<br \/>\nB\u00e2ton de tirage: KPR\u00a0115h<br \/>\nRosace: RKP 50<br \/>\n<\/span>\n<\/div>\n<\/div>\n<hr>\n<div class=\"item\">\n<div class=\"slika-elite\">\n<div class=\"slika-noborder\"><img loading=\"lazy\" decoding=\"async\" src=\"http:\/\/grad-export.hr\/web\/wp-content\/uploads\/model-copenhagen\/copenhagenX.jpg\" alt=\"Elite - model Copenhagen\" width=\"261\" height=\"551\" class=\"alignleft size-full wp-image-6884\" srcset=\"https:\/\/grad-export.hr\/web\/wp-content\/uploads\/model-copenhagen\/copenhagenX.jpg 261w, https:\/\/grad-export.hr\/web\/wp-content\/uploads\/model-copenhagen\/copenhagenX-191x403.jpg 191w\" sizes=\"(max-width: 261px) 100vw, 261px\" \/><\/div>\n<\/div>\n<div class=\"descr-elite\">\n<span><\/p>\n<h5>Mod\u00e8le: Copenhagen<\/h5>\n<p>Couleur RAL:\u00a07016<br \/>\nVerre: PJ<br \/>\nApplication:\u00a0POLI<br \/>\nB\u00e2ton de tirage: DOS\u00a0950h<br \/>\nRosace: RPP 50<br \/>\n<\/span>\n<\/div>\n<\/div>\n<hr>\n<div class=\"item\">\n<div class=\"slika-elite\">\n<div class=\"slika-noborder\"><img loading=\"lazy\" decoding=\"async\" src=\"http:\/\/grad-export.hr\/web\/wp-content\/uploads\/model-copenhagen\/copenhagen1.jpg\" alt=\"Elite - model Copenhagen\" width=\"261\" height=\"550\" class=\"alignleft size-full wp-image-6882\" srcset=\"https:\/\/grad-export.hr\/web\/wp-content\/uploads\/model-copenhagen\/copenhagen1.jpg 261w, https:\/\/grad-export.hr\/web\/wp-content\/uploads\/model-copenhagen\/copenhagen1-191x403.jpg 191w\" sizes=\"(max-width: 261px) 100vw, 261px\" \/><\/div>\n<\/div>\n<div class=\"descr-elite\">\n<span><\/p>\n<h5>Mod\u00e8le: Copenhagen<\/h5>\n<p>Couleur RAL:\u00a07012<br \/>\nVerre: MADRAS PAV\u00c9<br \/>\nApplication:\u00a0POLI<br \/>\nB\u00e2ton de tirage: OPR 115h<br \/>\nRosace: ROP 50<br \/>\n<\/span>\n<\/div>\n<\/div>\n<hr>\n<div class=\"item\">\n<div class=\"slika-elite\">\n<div class=\"slika-noborder\"><img loading=\"lazy\" decoding=\"async\" src=\"http:\/\/grad-export.hr\/web\/wp-content\/uploads\/model-copenhagen\/copenhagen-4.jpg\" alt=\"Copenhagen\" width=\"261\" height=\"550\" class=\"alignleft size-full wp-image-7386\" srcset=\"https:\/\/grad-export.hr\/web\/wp-content\/uploads\/model-copenhagen\/copenhagen-4.jpg 261w, https:\/\/grad-export.hr\/web\/wp-content\/uploads\/model-copenhagen\/copenhagen-4-191x403.jpg 191w\" sizes=\"(max-width: 261px) 100vw, 261px\" \/><\/div>\n<\/div>\n<div class=\"descr-elite\">\n<span><\/p>\n<h5>Mod\u00e8le: Copenhagen<\/h5>\n<p>Couleur RAL: 7047<br \/>\nVerre: DPS<br \/>\nApplication: POLI<br \/>\nB\u00e2ton de tirage: DOS\u00a0115h<br \/>\nRosace: RKP 50<br \/>\n<\/span>\n<\/div>\n<\/div>\n<hr>\n<div class=\"item\">\n<div class=\"slika-elite\">\n<div class=\"slika-noborder\"><img loading=\"lazy\" decoding=\"async\" src=\"http:\/\/grad-export.hr\/web\/wp-content\/uploads\/model-copenhagen\/copenhagen-5.jpg\" alt=\"Copenhagen\" width=\"261\" height=\"550\" class=\"alignleft size-full wp-image-7387\" srcset=\"https:\/\/grad-export.hr\/web\/wp-content\/uploads\/model-copenhagen\/copenhagen-5.jpg 261w, https:\/\/grad-export.hr\/web\/wp-content\/uploads\/model-copenhagen\/copenhagen-5-191x403.jpg 191w\" sizes=\"(max-width: 261px) 100vw, 261px\" \/><\/div>\n<\/div>\n<div class=\"descr-elite\">\n<span><\/p>\n<h5>Mod\u00e8le: Copenhagen<\/h5>\n<p>Imitation bois: NOYER FONC\u00c9 FS<br \/>\nVerre: DPT<br \/>\nApplication: POLI<br \/>\nB\u00e2ton de tirage: OPR\u00a0160h<br \/>\nRosace: RMM<br \/>\n<\/span>\n<\/div>\n<\/div>\n","protected":false},"excerpt":{"rendered":"<p>Mod\u00e8le: Copenhagen Imitation bois: CH\u00caNE DOR\u00c9 FS Verre: DPZ Application: POLI B\u00e2ton de tirage: KPR\u00a0115h Rosace: RKP 50 Mod\u00e8le: Copenhagen Couleur RAL:\u00a07016 Verre: PJ Application:\u00a0POLI B\u00e2ton de tirage: DOS\u00a0950h Rosace: RPP 50 Mod\u00e8le: Copenhagen Couleur RAL:\u00a07012 Verre: MADRAS PAV\u00c9 Application:\u00a0POLI B\u00e2ton de tirage: OPR 115h Rosace: ROP 50 Mod\u00e8le: Copenhagen Couleur RAL: 7047 Verre: DPS [&hellip;]<\/p>\n","protected":false},"author":1,"featured_media":12654,"parent":0,"menu_order":0,"comment_status":"open","ping_status":"open","template":"","meta":{"ngg_post_thumbnail":0,"__cvm_playback_settings":[],"__cvm_video_id":"","footnotes":""},"class_list":["post-7106","page","type-page","status-publish","has-post-thumbnail","czr-hentry"],"_links":{"self":[{"href":"https:\/\/grad-export.hr\/fr\/wp-json\/wp\/v2\/pages\/7106"}],"collection":[{"href":"https:\/\/grad-export.hr\/fr\/wp-json\/wp\/v2\/pages"}],"about":[{"href":"https:\/\/grad-export.hr\/fr\/wp-json\/wp\/v2\/types\/page"}],"author":[{"embeddable":true,"href":"https:\/\/grad-export.hr\/fr\/wp-json\/wp\/v2\/users\/1"}],"replies":[{"embeddable":true,"href":"https:\/\/grad-export.hr\/fr\/wp-json\/wp\/v2\/comments?post=7106"}],"version-history":[{"count":10,"href":"https:\/\/grad-export.hr\/fr\/wp-json\/wp\/v2\/pages\/7106\/revisions"}],"predecessor-version":[{"id":30919,"href":"https:\/\/grad-export.hr\/fr\/wp-json\/wp\/v2\/pages\/7106\/revisions\/30919"}],"wp:featuredmedia":[{"embeddable":true,"href":"https:\/\/grad-export.hr\/fr\/wp-json\/wp\/v2\/media\/12654"}],"wp:attachment":[{"href":"https:\/\/grad-export.hr\/fr\/wp-json\/wp\/v2\/media?parent=7106"}],"curies":[{"name":"wp","href":"https:\/\/api.w.org\/{rel}","templated":true}]}}