{"id":7172,"date":"2015-05-26T18:53:12","date_gmt":"2015-05-26T18:53:12","guid":{"rendered":"http:\/\/grad-export.hr\/?page_id=7172"},"modified":"2025-03-06T19:23:10","modified_gmt":"2025-03-06T19:23:10","slug":"model-minsk","status":"publish","type":"page","link":"https:\/\/grad-export.hr\/fr\/model-minsk","title":{"rendered":"Elite &#8211; Mod\u00e8le: Minsk"},"content":{"rendered":"<div class=\"item\">\n<div class=\"slika-elite\">\n<div class=\"slika-noborder\"><img loading=\"lazy\" decoding=\"async\" src=\"http:\/\/grad-export.hr\/web\/wp-content\/uploads\/model-minsk\/minsk2.jpg\" alt=\"Elite - model Minsk\" width=\"261\" height=\"550\" class=\"alignleft size-full wp-image-6923\" srcset=\"https:\/\/grad-export.hr\/web\/wp-content\/uploads\/model-minsk\/minsk2.jpg 261w, https:\/\/grad-export.hr\/web\/wp-content\/uploads\/model-minsk\/minsk2-191x403.jpg 191w\" sizes=\"(max-width: 261px) 100vw, 261px\" \/><\/div>\n<\/div>\n<div class=\"descr-elite\">\n<span><\/p>\n<h5>Mod\u00e8le: Minsk<\/h5>\n<p>Imitation bois:\u00a0CH\u00caNE DOR\u00c9 FS<br \/>\nVerre: DPT<\/p>\n<p>Application:<br \/>\nFloat 6mm<br \/>\ntremp\u00e9\/\u00e9maill\u00e9 RAL 9005<\/p>\n<p>B\u00e2ton de tirage: KPR 115h<br \/>\nRosace: RKP 50<br \/>\nProtection per panneau: JZP 50<br \/>\n<\/span>\n<\/div>\n<\/div>\n<hr>\n<div class=\"item\">\n<div class=\"slika-elite\">\n<div class=\"slika-noborder\"><img loading=\"lazy\" decoding=\"async\" src=\"http:\/\/grad-export.hr\/web\/wp-content\/uploads\/model-minsk\/minskX.jpg\" alt=\"Elite - model Minsk\" width=\"261\" height=\"551\" class=\"alignleft size-full wp-image-6924\" srcset=\"https:\/\/grad-export.hr\/web\/wp-content\/uploads\/model-minsk\/minskX.jpg 261w, https:\/\/grad-export.hr\/web\/wp-content\/uploads\/model-minsk\/minskX-191x403.jpg 191w\" sizes=\"(max-width: 261px) 100vw, 261px\" \/><\/div>\n<\/div>\n<div class=\"descr-elite\">\n<span><\/p>\n<h5>Mod\u00e8le: Minsk<\/h5>\n<p>Couleur RAL:\u00a07016<br \/>\nVerre: PJ<\/p>\n<p>Application:<br \/>\nFloat 6mm<br \/>\ntremp\u00e9\/\u00e9maill\u00e9 RAL 9005<\/p>\n<p>B\u00e2ton de tirage: DOS\u00a0950h<br \/>\nRosace: RPP 50<br \/>\n<\/span>\n<\/div>\n<\/div>\n<hr>\n<div class=\"item\">\n<div class=\"slika-elite\">\n<div class=\"slika-noborder\"><img loading=\"lazy\" decoding=\"async\" src=\"http:\/\/grad-export.hr\/web\/wp-content\/uploads\/model-malmoe\/minsk1.jpg\" alt=\"Elite - model Minsk\" width=\"261\" height=\"551\" class=\"alignleft size-full wp-image-7578\" srcset=\"https:\/\/grad-export.hr\/web\/wp-content\/uploads\/model-malmoe\/minsk1.jpg 261w, https:\/\/grad-export.hr\/web\/wp-content\/uploads\/model-malmoe\/minsk1-191x403.jpg 191w\" sizes=\"(max-width: 261px) 100vw, 261px\" \/><\/div>\n<\/div>\n<div class=\"descr-elite\">\n<span><\/p>\n<h5>Mod\u00e8le: Minsk<\/h5>\n<p>Couleur RAL:\u00a07011<br \/>\nVerre: PFL<\/p>\n<p>Application:<br \/>\nFloat 6mm<br \/>\ntremp\u00e9\/\u00e9maill\u00e9 RAL 9005<\/p>\n<p>B\u00e2ton de tirage: DOS 115h<br \/>\nRosace: RKP 50<br \/>\n<\/span>\n<\/div>\n<\/div>\n<hr>\n<div class=\"item\">\n<div class=\"slika-elite\">\n<div class=\"slika-noborder\"><img loading=\"lazy\" decoding=\"async\" src=\"http:\/\/grad-export.hr\/web\/wp-content\/uploads\/model-malmoe\/minsk3.jpg\" alt=\"Elite - model Minsk\" width=\"261\" height=\"551\" class=\"alignleft size-full wp-image-7579\" srcset=\"https:\/\/grad-export.hr\/web\/wp-content\/uploads\/model-malmoe\/minsk3.jpg 261w, https:\/\/grad-export.hr\/web\/wp-content\/uploads\/model-malmoe\/minsk3-191x403.jpg 191w\" sizes=\"(max-width: 261px) 100vw, 261px\" \/><\/div>\n<\/div>\n<div class=\"descr-elite\">\n<span><\/p>\n<h5>Mod\u00e8le: Minsk<\/h5>\n<p>Couleur RAL:\u00a07042<br \/>\nVerre: DPC<\/p>\n<p>Application:<br \/>\nFloat 6mm<br \/>\ntremp\u00e9\/\u00e9maill\u00e9 RAL 9005<\/p>\n<p>B\u00e2ton de tirage: KCK\u00a0190h<br \/>\nRosace: RPP 50<br \/>\n<\/span>\n<\/div>\n<\/div>\n<hr>\n<div class=\"item\">\n<div class=\"slika-elite\">\n<div class=\"slika-noborder\"><img loading=\"lazy\" decoding=\"async\" src=\"http:\/\/grad-export.hr\/web\/wp-content\/uploads\/model-malmoe\/minsk4.jpg\" alt=\"Elite - model Minsk\" width=\"261\" height=\"551\" class=\"alignleft size-full wp-image-7580\" srcset=\"https:\/\/grad-export.hr\/web\/wp-content\/uploads\/model-malmoe\/minsk4.jpg 261w, https:\/\/grad-export.hr\/web\/wp-content\/uploads\/model-malmoe\/minsk4-191x403.jpg 191w\" sizes=\"(max-width: 261px) 100vw, 261px\" \/><\/div>\n<\/div>\n<div class=\"descr-elite\">\n<span><\/p>\n<h5>Mod\u00e8le: Minsk<\/h5>\n<p>Couleur RAL:\u00a07048<br \/>\nVerre: DPM<\/p>\n<p>Application:<br \/>\nFloat 6mm<br \/>\ntremp\u00e9\/\u00e9maill\u00e9 RAL 9005<\/p>\n<p>B\u00e2ton de tirage: OPR\u00a0160h<br \/>\nRosace: RMM<br \/>\n<\/span>\n<\/div>\n<\/div>\n","protected":false},"excerpt":{"rendered":"<p>Mod\u00e8le: Minsk Imitation bois:\u00a0CH\u00caNE DOR\u00c9 FS Verre: DPT Application: Float 6mm tremp\u00e9\/\u00e9maill\u00e9 RAL 9005 B\u00e2ton de tirage: KPR 115h Rosace: RKP 50 Protection per panneau: JZP 50 Mod\u00e8le: Minsk Couleur RAL:\u00a07016 Verre: PJ Application: Float 6mm tremp\u00e9\/\u00e9maill\u00e9 RAL 9005 B\u00e2ton de tirage: DOS\u00a0950h Rosace: RPP 50 Mod\u00e8le: Minsk Couleur RAL:\u00a07011 Verre: PFL Application: Float 6mm [&hellip;]<\/p>\n","protected":false},"author":1,"featured_media":12698,"parent":0,"menu_order":0,"comment_status":"open","ping_status":"open","template":"","meta":{"ngg_post_thumbnail":0,"__cvm_playback_settings":[],"__cvm_video_id":"","footnotes":""},"class_list":["post-7172","page","type-page","status-publish","has-post-thumbnail","czr-hentry"],"_links":{"self":[{"href":"https:\/\/grad-export.hr\/fr\/wp-json\/wp\/v2\/pages\/7172"}],"collection":[{"href":"https:\/\/grad-export.hr\/fr\/wp-json\/wp\/v2\/pages"}],"about":[{"href":"https:\/\/grad-export.hr\/fr\/wp-json\/wp\/v2\/types\/page"}],"author":[{"embeddable":true,"href":"https:\/\/grad-export.hr\/fr\/wp-json\/wp\/v2\/users\/1"}],"replies":[{"embeddable":true,"href":"https:\/\/grad-export.hr\/fr\/wp-json\/wp\/v2\/comments?post=7172"}],"version-history":[{"count":4,"href":"https:\/\/grad-export.hr\/fr\/wp-json\/wp\/v2\/pages\/7172\/revisions"}],"predecessor-version":[{"id":31048,"href":"https:\/\/grad-export.hr\/fr\/wp-json\/wp\/v2\/pages\/7172\/revisions\/31048"}],"wp:featuredmedia":[{"embeddable":true,"href":"https:\/\/grad-export.hr\/fr\/wp-json\/wp\/v2\/media\/12698"}],"wp:attachment":[{"href":"https:\/\/grad-export.hr\/fr\/wp-json\/wp\/v2\/media?parent=7172"}],"curies":[{"name":"wp","href":"https:\/\/api.w.org\/{rel}","templated":true}]}}