{"id":7173,"date":"2015-05-26T18:52:57","date_gmt":"2015-05-26T18:52:57","guid":{"rendered":"http:\/\/grad-export.hr\/?page_id=7173"},"modified":"2025-03-07T07:33:33","modified_gmt":"2025-03-07T07:33:33","slug":"model-palermo","status":"publish","type":"page","link":"https:\/\/grad-export.hr\/fr\/model-palermo","title":{"rendered":"Elite &#8211; Mod\u00e8le: Palermo"},"content":{"rendered":"<div class=\"item\">\n<div class=\"slika-elite\">\n<div class=\"slika-noborder\"><img loading=\"lazy\" decoding=\"async\" src=\"http:\/\/grad-export.hr\/web\/wp-content\/uploads\/model-palermo\/palermo2.jpg\" alt=\"Elite - model Palermo\" width=\"261\" height=\"550\" class=\"alignleft size-full wp-image-6938\" srcset=\"https:\/\/grad-export.hr\/web\/wp-content\/uploads\/model-palermo\/palermo2.jpg 261w, https:\/\/grad-export.hr\/web\/wp-content\/uploads\/model-palermo\/palermo2-191x403.jpg 191w\" sizes=\"(max-width: 261px) 100vw, 261px\" \/><\/div>\n<\/div>\n<div class=\"descr-elite\">\n<span><\/p>\n<h5>Mod\u00e8le: Palermo<\/h5>\n<p>Imitation bois:\u00a0NOYER FONC\u00c9 FS<br \/>\nVerre: FPK<\/p>\n<p>Application:<br \/>\nFloat 6mm<br \/>\ntremp\u00e9\/\u00e9maill\u00e9 RAL 9005<\/p>\n<p>B\u00e2ton de tirage: DOS 115h<br \/>\nRosace: RKP 50<br \/>\n<\/span>\n<\/div>\n<\/div>\n<hr>\n<div class=\"item\">\n<div class=\"slika-elite\">\n<div class=\"slika-noborder\"><img loading=\"lazy\" decoding=\"async\" src=\"http:\/\/grad-export.hr\/web\/wp-content\/uploads\/model-palermo\/palermoX.jpg\" alt=\"Elite - model Palermo\" width=\"261\" height=\"551\" class=\"alignleft size-full wp-image-6939\" srcset=\"https:\/\/grad-export.hr\/web\/wp-content\/uploads\/model-palermo\/palermoX.jpg 261w, https:\/\/grad-export.hr\/web\/wp-content\/uploads\/model-palermo\/palermoX-191x403.jpg 191w\" sizes=\"(max-width: 261px) 100vw, 261px\" \/><\/div>\n<\/div>\n<div class=\"descr-elite\">\n<span><\/p>\n<h5>Mod\u00e8le: Palermo<\/h5>\n<p>Couleur RAL:\u00a07016<br \/>\nVerre: PJ<\/p>\n<p>Application:<br \/>\nFloat 6mm<br \/>\ntremp\u00e9\/\u00e9maill\u00e9 RAL 9005<\/p>\n<p>B\u00e2ton de tirage: DOS\u00a0950h<br \/>\nRosace: RPP 50<br \/>\n<\/span>\n<\/div>\n<\/div>\n<hr>\n<div class=\"item\">\n<div class=\"slika-elite\">\n<div class=\"slika-noborder\"><img loading=\"lazy\" decoding=\"async\" src=\"http:\/\/grad-export.hr\/web\/wp-content\/uploads\/model-palermo\/palermo3.jpg\" alt=\"Elite - model Palermo\" width=\"261\" height=\"550\" class=\"alignleft size-full wp-image-6941\" srcset=\"https:\/\/grad-export.hr\/web\/wp-content\/uploads\/model-palermo\/palermo3.jpg 261w, https:\/\/grad-export.hr\/web\/wp-content\/uploads\/model-palermo\/palermo3-191x403.jpg 191w\" sizes=\"(max-width: 261px) 100vw, 261px\" \/><\/div>\n<\/div>\n<div class=\"descr-elite\">\n<span><\/p>\n<h5>Mod\u00e8le: Palermo<\/h5>\n<p>Couleur RAL:\u00a09007<br \/>\nVerre: DPL<\/p>\n<p>Application:<br \/>\nFloat 6mm<br \/>\ntremp\u00e9\/\u00e9maill\u00e9 RAL 9005<\/p>\n<p>B\u00e2ton de tirage: DOS\u00a0950h<br \/>\nRosace: RPP 50<br \/>\nProtection pour panneau: JZP 50<br \/>\n<\/span>\n<\/div>\n<\/div>\n<hr>\n<div class=\"item\">\n<div class=\"slika-elite\">\n<div class=\"slika-noborder\"><img loading=\"lazy\" decoding=\"async\" src=\"http:\/\/grad-export.hr\/web\/wp-content\/uploads\/model-palermo\/palermo1.jpg\" alt=\"Elite - model Palermo\" width=\"261\" height=\"550\" class=\"alignleft size-full wp-image-7610\" srcset=\"https:\/\/grad-export.hr\/web\/wp-content\/uploads\/model-palermo\/palermo1.jpg 261w, https:\/\/grad-export.hr\/web\/wp-content\/uploads\/model-palermo\/palermo1-191x403.jpg 191w\" sizes=\"(max-width: 261px) 100vw, 261px\" \/><\/div>\n<\/div>\n<div class=\"descr-elite\">\n<span><\/p>\n<h5>Mod\u00e8le: Palermo<\/h5>\n<p>Couleur RAL:\u00a07011<br \/>\nVerre: DPR<\/p>\n<p>Application:<br \/>\nFloat 6mm<br \/>\ntremp\u00e9\/\u00e9maill\u00e9 RAL 9005<\/p>\n<p>B\u00e2ton de tirage: OPR\u00a0115h<br \/>\nRosace: RMM<br \/>\n<\/span>\n<\/div>\n<\/div>\n<hr>\n<div class=\"item\">\n<div class=\"slika-elite\"><img loading=\"lazy\" decoding=\"async\" src=\"http:\/\/grad-export.hr\/web\/wp-content\/uploads\/model-palermo\/palermo4.jpg\" alt=\"Elite - model Palermo\" width=\"261\" height=\"550\" class=\"alignleft size-full wp-image-7611\" srcset=\"https:\/\/grad-export.hr\/web\/wp-content\/uploads\/model-palermo\/palermo4.jpg 261w, https:\/\/grad-export.hr\/web\/wp-content\/uploads\/model-palermo\/palermo4-191x403.jpg 191w\" sizes=\"(max-width: 261px) 100vw, 261px\" \/><\/div>\n<div class=\"descr-elite\">\n<span><\/p>\n<h5>Mod\u00e8le: Palermo<\/h5>\n<p>Couleur RAL:\u00a09003<br \/>\nVerre: PFL<\/p>\n<p>Application:<br \/>\nFloat 6mm<br \/>\ntremp\u00e9\/\u00e9maill\u00e9 RAL 9005<\/p>\n<p>B\u00e2ton de tirage: KCR\u00a0115h<br \/>\nRosace: RKP 50<br \/>\n<\/span>\n<\/div>\n<\/div>\n","protected":false},"excerpt":{"rendered":"<p>Mod\u00e8le: Palermo Imitation bois:\u00a0NOYER FONC\u00c9 FS Verre: FPK Application: Float 6mm tremp\u00e9\/\u00e9maill\u00e9 RAL 9005 B\u00e2ton de tirage: DOS 115h Rosace: RKP 50 Mod\u00e8le: Palermo Couleur RAL:\u00a07016 Verre: PJ Application: Float 6mm tremp\u00e9\/\u00e9maill\u00e9 RAL 9005 B\u00e2ton de tirage: DOS\u00a0950h Rosace: RPP 50 Mod\u00e8le: Palermo Couleur RAL:\u00a09007 Verre: DPL Application: Float 6mm tremp\u00e9\/\u00e9maill\u00e9 RAL 9005 B\u00e2ton de [&hellip;]<\/p>\n","protected":false},"author":1,"featured_media":12714,"parent":0,"menu_order":0,"comment_status":"open","ping_status":"open","template":"","meta":{"ngg_post_thumbnail":0,"__cvm_playback_settings":[],"__cvm_video_id":"","footnotes":""},"class_list":["post-7173","page","type-page","status-publish","has-post-thumbnail","czr-hentry"],"_links":{"self":[{"href":"https:\/\/grad-export.hr\/fr\/wp-json\/wp\/v2\/pages\/7173"}],"collection":[{"href":"https:\/\/grad-export.hr\/fr\/wp-json\/wp\/v2\/pages"}],"about":[{"href":"https:\/\/grad-export.hr\/fr\/wp-json\/wp\/v2\/types\/page"}],"author":[{"embeddable":true,"href":"https:\/\/grad-export.hr\/fr\/wp-json\/wp\/v2\/users\/1"}],"replies":[{"embeddable":true,"href":"https:\/\/grad-export.hr\/fr\/wp-json\/wp\/v2\/comments?post=7173"}],"version-history":[{"count":4,"href":"https:\/\/grad-export.hr\/fr\/wp-json\/wp\/v2\/pages\/7173\/revisions"}],"predecessor-version":[{"id":31139,"href":"https:\/\/grad-export.hr\/fr\/wp-json\/wp\/v2\/pages\/7173\/revisions\/31139"}],"wp:featuredmedia":[{"embeddable":true,"href":"https:\/\/grad-export.hr\/fr\/wp-json\/wp\/v2\/media\/12714"}],"wp:attachment":[{"href":"https:\/\/grad-export.hr\/fr\/wp-json\/wp\/v2\/media?parent=7173"}],"curies":[{"name":"wp","href":"https:\/\/api.w.org\/{rel}","templated":true}]}}