{"id":7174,"date":"2015-05-26T18:53:40","date_gmt":"2015-05-26T18:53:40","guid":{"rendered":"http:\/\/grad-export.hr\/?page_id=7174"},"modified":"2025-03-07T07:32:26","modified_gmt":"2025-03-07T07:32:26","slug":"model-napoli","status":"publish","type":"page","link":"https:\/\/grad-export.hr\/fr\/model-napoli","title":{"rendered":"Elite &#8211; Mod\u00e8le: Napoli"},"content":{"rendered":"<div class=\"item\">\n<div class=\"slika-elite\">\n<div class=\"slika-noborder\"><img loading=\"lazy\" decoding=\"async\" src=\"http:\/\/grad-export.hr\/web\/wp-content\/uploads\/model-napoli\/napoli1.jpg\" alt=\"Elite - model Napoli\" width=\"261\" height=\"551\" class=\"alignleft size-full wp-image-6930\" srcset=\"https:\/\/grad-export.hr\/web\/wp-content\/uploads\/model-napoli\/napoli1.jpg 261w, https:\/\/grad-export.hr\/web\/wp-content\/uploads\/model-napoli\/napoli1-191x403.jpg 191w\" sizes=\"(max-width: 261px) 100vw, 261px\" \/><\/div>\n<\/div>\n<div class=\"descr-elite\">\n<span><\/p>\n<h5>Mod\u00e8le: Napoli<\/h5>\n<p>Couleur RAL:\u00a07030<br \/>\nVerre: DPR<\/p>\n<p>Application:<br \/>\nFloat 6mm<br \/>\ntremp\u00e9\/\u00e9maill\u00e9 RAL 9005<\/p>\n<p>B\u00e2ton de tirage: KPR 115h<br \/>\nRosace: RKP 50<br \/>\nProtection pour panneau: JZP 50<br \/>\n<\/span>\n<\/div>\n<\/div>\n<hr>\n<div class=\"item\">\n<div class=\"slika-elite\">\n<div class=\"slika-noborder\"><img loading=\"lazy\" decoding=\"async\" src=\"http:\/\/grad-export.hr\/web\/wp-content\/uploads\/model-napoli\/napoliX.jpg\" alt=\"Elite - model Napoli\" width=\"261\" height=\"551\" class=\"alignleft size-full wp-image-6931\" srcset=\"https:\/\/grad-export.hr\/web\/wp-content\/uploads\/model-napoli\/napoliX.jpg 261w, https:\/\/grad-export.hr\/web\/wp-content\/uploads\/model-napoli\/napoliX-191x403.jpg 191w\" sizes=\"(max-width: 261px) 100vw, 261px\" \/><\/div>\n<\/div>\n<div class=\"descr-elite\">\n<span><\/p>\n<h5>Mod\u00e8le: Napoli<\/h5>\n<p>Couleur RAL:\u00a07016<br \/>\nVerre: PJ<\/p>\n<p>Application:<br \/>\nFloat 6mm<br \/>\ntremp\u00e9\/\u00e9maill\u00e9 RAL 9005<\/p>\n<p>B\u00e2ton de tirage: DOS\u00a0950h<br \/>\nRosace: RPP 50<br \/>\n<\/span>\n<\/div>\n<\/div>\n<hr>\n<div class=\"item\">\n<div class=\"slika-elite\">\n<div class=\"slika-noborder\"><img loading=\"lazy\" decoding=\"async\" src=\"http:\/\/grad-export.hr\/web\/wp-content\/uploads\/model-napoli\/napoli2.jpg\" alt=\"Elite - model Napoli\" width=\"261\" height=\"550\" class=\"alignleft size-full wp-image-7594\" srcset=\"https:\/\/grad-export.hr\/web\/wp-content\/uploads\/model-napoli\/napoli2.jpg 261w, https:\/\/grad-export.hr\/web\/wp-content\/uploads\/model-napoli\/napoli2-191x403.jpg 191w\" sizes=\"(max-width: 261px) 100vw, 261px\" \/><\/div>\n<\/div>\n<div class=\"descr-elite\">\n<span><\/p>\n<h5>Mod\u00e8le: Napoli<\/h5>\n<p>Couleur RAL:\u00a07012<br \/>\nVerre: DPJ<\/p>\n<p>Application:<br \/>\nFloat 6mm<br \/>\ntremp\u00e9\/\u00e9maill\u00e9 RAL 9005<\/p>\n<p>B\u00e2ton de tirage: KCR 160h<br \/>\nRosace: RMM<br \/>\n<\/span>\n<\/div>\n<\/div>\n<hr>\n<div class=\"item\">\n<div class=\"slika-elite\">\n<div class=\"slika-noborder\"><img loading=\"lazy\" decoding=\"async\" src=\"http:\/\/grad-export.hr\/web\/wp-content\/uploads\/model-napoli\/napoli3.jpg\" alt=\"Elite - model Napoli\" width=\"261\" height=\"550\" class=\"alignleft size-full wp-image-7595\" srcset=\"https:\/\/grad-export.hr\/web\/wp-content\/uploads\/model-napoli\/napoli3.jpg 261w, https:\/\/grad-export.hr\/web\/wp-content\/uploads\/model-napoli\/napoli3-191x403.jpg 191w\" sizes=\"(max-width: 261px) 100vw, 261px\" \/><\/div>\n<\/div>\n<div class=\"descr-elite\">\n<span><\/p>\n<h5>Mod\u00e8le: Napoli<\/h5>\n<p>Couleur RAL:\u00a07030<br \/>\nVerre: DPH<\/p>\n<p>Application:<br \/>\nFloat 6mm<br \/>\ntremp\u00e9\/\u00e9maill\u00e9 RAL 9005<\/p>\n<p>B\u00e2ton de tirage: KCR\u00a0115h<br \/>\nRosace: RKP 50<br \/>\n<\/span>\n<\/div>\n<\/div>\n<hr>\n<div class=\"item\">\n<div class=\"slika-elite\">\n<div class=\"slika-noborder\"><img loading=\"lazy\" decoding=\"async\" src=\"http:\/\/grad-export.hr\/web\/wp-content\/uploads\/model-napoli\/napoli4.jpg\" alt=\"Elite - model Napoli\" width=\"261\" height=\"550\" class=\"alignleft size-full wp-image-7596\" srcset=\"https:\/\/grad-export.hr\/web\/wp-content\/uploads\/model-napoli\/napoli4.jpg 261w, https:\/\/grad-export.hr\/web\/wp-content\/uploads\/model-napoli\/napoli4-191x403.jpg 191w\" sizes=\"(max-width: 261px) 100vw, 261px\" \/><\/div>\n<\/div>\n<div class=\"descr-elite\">\n<span><\/p>\n<h5>Mod\u00e8le: Napoli<\/h5>\n<p>Couleur RAL:\u00a09007<br \/>\nVerre: PJ<\/p>\n<p>Application:<br \/>\nFloat 6mm<br \/>\ntremp\u00e9\/\u00e9maill\u00e9 RAL 9005<\/p>\n<p>B\u00e2ton de tirage: KPK\u00a0190h<br \/>\nRosace: RMM<br \/>\nNum\u00e9ro de maison: NDP 10<br \/>\nScanner \u00e0 doigt: AFS<br \/>\nEspion digital: SPY 1<br \/>\n<\/span>\n<\/div>\n<\/div>\n","protected":false},"excerpt":{"rendered":"<p>Mod\u00e8le: Napoli Couleur RAL:\u00a07030 Verre: DPR Application: Float 6mm tremp\u00e9\/\u00e9maill\u00e9 RAL 9005 B\u00e2ton de tirage: KPR 115h Rosace: RKP 50 Protection pour panneau: JZP 50 Mod\u00e8le: Napoli Couleur RAL:\u00a07016 Verre: PJ Application: Float 6mm tremp\u00e9\/\u00e9maill\u00e9 RAL 9005 B\u00e2ton de tirage: DOS\u00a0950h Rosace: RPP 50 Mod\u00e8le: Napoli Couleur RAL:\u00a07012 Verre: DPJ Application: Float 6mm tremp\u00e9\/\u00e9maill\u00e9 RAL [&hellip;]<\/p>\n","protected":false},"author":1,"featured_media":12706,"parent":0,"menu_order":0,"comment_status":"open","ping_status":"open","template":"","meta":{"ngg_post_thumbnail":0,"__cvm_playback_settings":[],"__cvm_video_id":"","footnotes":""},"class_list":["post-7174","page","type-page","status-publish","has-post-thumbnail","czr-hentry"],"_links":{"self":[{"href":"https:\/\/grad-export.hr\/fr\/wp-json\/wp\/v2\/pages\/7174"}],"collection":[{"href":"https:\/\/grad-export.hr\/fr\/wp-json\/wp\/v2\/pages"}],"about":[{"href":"https:\/\/grad-export.hr\/fr\/wp-json\/wp\/v2\/types\/page"}],"author":[{"embeddable":true,"href":"https:\/\/grad-export.hr\/fr\/wp-json\/wp\/v2\/users\/1"}],"replies":[{"embeddable":true,"href":"https:\/\/grad-export.hr\/fr\/wp-json\/wp\/v2\/comments?post=7174"}],"version-history":[{"count":4,"href":"https:\/\/grad-export.hr\/fr\/wp-json\/wp\/v2\/pages\/7174\/revisions"}],"predecessor-version":[{"id":31136,"href":"https:\/\/grad-export.hr\/fr\/wp-json\/wp\/v2\/pages\/7174\/revisions\/31136"}],"wp:featuredmedia":[{"embeddable":true,"href":"https:\/\/grad-export.hr\/fr\/wp-json\/wp\/v2\/media\/12706"}],"wp:attachment":[{"href":"https:\/\/grad-export.hr\/fr\/wp-json\/wp\/v2\/media?parent=7174"}],"curies":[{"name":"wp","href":"https:\/\/api.w.org\/{rel}","templated":true}]}}