{"id":7268,"date":"2015-05-27T21:08:05","date_gmt":"2015-05-27T21:08:05","guid":{"rendered":"http:\/\/grad-export.hr\/?page_id=7268"},"modified":"2025-03-07T10:27:01","modified_gmt":"2025-03-07T10:27:01","slug":"model-sofia","status":"publish","type":"page","link":"https:\/\/grad-export.hr\/fr\/model-sofia","title":{"rendered":"Elite &#8211; Mod\u00e8le: Sofia"},"content":{"rendered":"<div class=\"item\">\n<div class=\"slika-elite\">\n<div class=\"slika-noborder\"><img loading=\"lazy\" decoding=\"async\" src=\"http:\/\/grad-export.hr\/web\/wp-content\/uploads\/model-sofia\/sofia2.jpg\" alt=\"Elite - model Sofia\" width=\"261\" height=\"565\" class=\"alignleft size-full wp-image-7006\" srcset=\"https:\/\/grad-export.hr\/web\/wp-content\/uploads\/model-sofia\/sofia2.jpg 261w, https:\/\/grad-export.hr\/web\/wp-content\/uploads\/model-sofia\/sofia2-186x403.jpg 186w\" sizes=\"(max-width: 261px) 100vw, 261px\" \/><\/div>\n<\/div>\n<div class=\"descr-elite\">\n<span><\/p>\n<h5>Mod\u00e8le: Sofia<\/h5>\n<p>Imitation bois: NOYER FONC\u00c9 FS<br \/>\nVerre: MADRAS UADI<br \/>\nMarqueterie: BROSS\u00c9<br \/>\nB\u00e2ton de tirage: KCR 950h<br \/>\nRosace: RKP 50<br \/>\n<\/span>\n<\/div>\n<\/div>\n<hr>\n<div class=\"item\">\n<div class=\"slika-elite\">\n<div class=\"slika-noborder\"><img loading=\"lazy\" decoding=\"async\" src=\"http:\/\/grad-export.hr\/web\/wp-content\/uploads\/model-sofia\/sofiaX.jpg\" alt=\"Elite - model Sofia\" width=\"261\" height=\"551\" class=\"alignleft size-full wp-image-7007\" srcset=\"https:\/\/grad-export.hr\/web\/wp-content\/uploads\/model-sofia\/sofiaX.jpg 261w, https:\/\/grad-export.hr\/web\/wp-content\/uploads\/model-sofia\/sofiaX-191x403.jpg 191w\" sizes=\"(max-width: 261px) 100vw, 261px\" \/><\/div>\n<\/div>\n<div class=\"descr-elite\">\n<span><\/p>\n<h5>Mod\u00e8le: Sofia<\/h5>\n<p>Couleur RAL:\u00a07016<br \/>\nVerre: PJ<br \/>\nMarqueterie: POLI<br \/>\nB\u00e2ton de tirage: DOS 950h<br \/>\nRosace: RPP 50<br \/>\n<\/span>\n<\/div>\n<\/div>\n<hr>\n<div class=\"item\">\n<div class=\"slika-elite\">\n<div class=\"slika-noborder\"><img loading=\"lazy\" decoding=\"async\" src=\"http:\/\/grad-export.hr\/web\/wp-content\/uploads\/model-sofia\/sofia1.jpg\" alt=\"Elite - model Sofia\" width=\"261\" height=\"550\" class=\"alignleft size-full wp-image-7683\" srcset=\"https:\/\/grad-export.hr\/web\/wp-content\/uploads\/model-sofia\/sofia1.jpg 261w, https:\/\/grad-export.hr\/web\/wp-content\/uploads\/model-sofia\/sofia1-191x403.jpg 191w\" sizes=\"(max-width: 261px) 100vw, 261px\" \/><\/div>\n<\/div>\n<div class=\"descr-elite\">\n<span><\/p>\n<h5>Mod\u00e8le: Sofia<\/h5>\n<p>Couleur RAL: 7015<br \/>\nVerre: FAB<br \/>\nMarqueterie: POLI<br \/>\nB\u00e2ton de tirage: KCK 190h<br \/>\nRosace: RMM<br \/>\n<\/span>\n<\/div>\n<\/div>\n<hr>\n<div class=\"item\">\n<div class=\"slika-elite\">\n<div class=\"slika-noborder\"><img loading=\"lazy\" decoding=\"async\" src=\"http:\/\/grad-export.hr\/web\/wp-content\/uploads\/model-sofia\/sofia3.jpg\" alt=\"Elite - model Sofia\" width=\"261\" height=\"550\" class=\"alignleft size-full wp-image-7684\" srcset=\"https:\/\/grad-export.hr\/web\/wp-content\/uploads\/model-sofia\/sofia3.jpg 261w, https:\/\/grad-export.hr\/web\/wp-content\/uploads\/model-sofia\/sofia3-191x403.jpg 191w\" sizes=\"(max-width: 261px) 100vw, 261px\" \/><\/div>\n<\/div>\n<div class=\"descr-elite\">\n<span><\/p>\n<h5>Mod\u00e8le: Sofia<\/h5>\n<p>Couleur RAL:\u00a07048<br \/>\nVerre: PFL<br \/>\nMarqueterie: POLI<br \/>\nB\u00e2ton de tirage: OCR 190h<br \/>\nRosace: RMM<br \/>\n<\/span>\n<\/div>\n<\/div>\n<hr>\n<div class=\"item\">\n<div class=\"slika-elite\">\n<div class=\"slika-noborder\"><img loading=\"lazy\" decoding=\"async\" src=\"http:\/\/grad-export.hr\/web\/wp-content\/uploads\/model-sofia\/sofia4.jpg\" alt=\"Elite - model Sofia\" width=\"261\" height=\"550\" class=\"alignleft size-full wp-image-7685\" srcset=\"https:\/\/grad-export.hr\/web\/wp-content\/uploads\/model-sofia\/sofia4.jpg 261w, https:\/\/grad-export.hr\/web\/wp-content\/uploads\/model-sofia\/sofia4-191x403.jpg 191w\" sizes=\"(max-width: 261px) 100vw, 261px\" \/><\/div>\n<\/div>\n<div class=\"descr-elite\">\n<span><\/p>\n<h5>Mod\u00e8le: Sofia<\/h5>\n<p>Couleur RAL:\u00a09006\/CARBON<br \/>\nVerre: DPZ<br \/>\nMarqueterie: POLI<br \/>\nB\u00e2ton de tirage: OPR 115h<br \/>\nRosace: RMM<br \/>\n<\/span>\n<\/div>\n<\/div>\n","protected":false},"excerpt":{"rendered":"<p>Mod\u00e8le: Sofia Imitation bois: NOYER FONC\u00c9 FS Verre: MADRAS UADI Marqueterie: BROSS\u00c9 B\u00e2ton de tirage: KCR 950h Rosace: RKP 50 Mod\u00e8le: Sofia Couleur RAL:\u00a07016 Verre: PJ Marqueterie: POLI B\u00e2ton de tirage: DOS 950h Rosace: RPP 50 Mod\u00e8le: Sofia Couleur RAL: 7015 Verre: FAB Marqueterie: POLI B\u00e2ton de tirage: KCK 190h Rosace: RMM Mod\u00e8le: Sofia Couleur [&hellip;]<\/p>\n","protected":false},"author":1,"featured_media":12774,"parent":0,"menu_order":0,"comment_status":"open","ping_status":"open","template":"","meta":{"ngg_post_thumbnail":0,"__cvm_playback_settings":[],"__cvm_video_id":"","footnotes":""},"class_list":["post-7268","page","type-page","status-publish","has-post-thumbnail","czr-hentry"],"_links":{"self":[{"href":"https:\/\/grad-export.hr\/fr\/wp-json\/wp\/v2\/pages\/7268"}],"collection":[{"href":"https:\/\/grad-export.hr\/fr\/wp-json\/wp\/v2\/pages"}],"about":[{"href":"https:\/\/grad-export.hr\/fr\/wp-json\/wp\/v2\/types\/page"}],"author":[{"embeddable":true,"href":"https:\/\/grad-export.hr\/fr\/wp-json\/wp\/v2\/users\/1"}],"replies":[{"embeddable":true,"href":"https:\/\/grad-export.hr\/fr\/wp-json\/wp\/v2\/comments?post=7268"}],"version-history":[{"count":4,"href":"https:\/\/grad-export.hr\/fr\/wp-json\/wp\/v2\/pages\/7268\/revisions"}],"predecessor-version":[{"id":31208,"href":"https:\/\/grad-export.hr\/fr\/wp-json\/wp\/v2\/pages\/7268\/revisions\/31208"}],"wp:featuredmedia":[{"embeddable":true,"href":"https:\/\/grad-export.hr\/fr\/wp-json\/wp\/v2\/media\/12774"}],"wp:attachment":[{"href":"https:\/\/grad-export.hr\/fr\/wp-json\/wp\/v2\/media?parent=7268"}],"curies":[{"name":"wp","href":"https:\/\/api.w.org\/{rel}","templated":true}]}}