{"id":7269,"date":"2015-05-27T21:08:32","date_gmt":"2015-05-27T21:08:32","guid":{"rendered":"http:\/\/grad-export.hr\/?page_id=7269"},"modified":"2025-03-07T10:27:22","modified_gmt":"2025-03-07T10:27:22","slug":"model-stockholm","status":"publish","type":"page","link":"https:\/\/grad-export.hr\/fr\/model-stockholm","title":{"rendered":"Elite &#8211; Mod\u00e8le: Stockholm"},"content":{"rendered":"<div class=\"item\">\n<div class=\"slika-elite\">\n<div class=\"slika-noborder\"><img loading=\"lazy\" decoding=\"async\" src=\"http:\/\/grad-export.hr\/web\/wp-content\/uploads\/model-stockholm\/stockholm2.jpg\" alt=\"Elite - model Stockholm\" width=\"261\" height=\"550\" class=\"alignleft size-full wp-image-7012\" srcset=\"https:\/\/grad-export.hr\/web\/wp-content\/uploads\/model-stockholm\/stockholm2.jpg 261w, https:\/\/grad-export.hr\/web\/wp-content\/uploads\/model-stockholm\/stockholm2-191x403.jpg 191w\" sizes=\"(max-width: 261px) 100vw, 261px\" \/><\/div>\n<\/div>\n<div class=\"descr-elite\">\n<span><\/p>\n<h5>Mod\u00e8le: Stockholm<\/h5>\n<p>Imitation bois: NOYER FONC\u00c9 FS<br \/>\nVerre: PJ<br \/>\nApplications: POLI<br \/>\nB\u00e2ton de tirage: KPK 750h HORIZONTAL<br \/>\nRosace: RKP 50<br \/>\n<\/span>\n<\/div>\n<\/div>\n<hr>\n<div class=\"item\">\n<div class=\"slika-elite\">\n<div class=\"slika-noborder\"><img loading=\"lazy\" decoding=\"async\" src=\"http:\/\/grad-export.hr\/web\/wp-content\/uploads\/model-stockholm\/stockholmX.jpg\" alt=\"Elite - model Stockholm\" width=\"261\" height=\"551\" class=\"alignleft size-full wp-image-7013\" srcset=\"https:\/\/grad-export.hr\/web\/wp-content\/uploads\/model-stockholm\/stockholmX.jpg 261w, https:\/\/grad-export.hr\/web\/wp-content\/uploads\/model-stockholm\/stockholmX-191x403.jpg 191w\" sizes=\"(max-width: 261px) 100vw, 261px\" \/><\/div>\n<\/div>\n<div class=\"descr-elite\">\n<span><\/p>\n<h5>Mod\u00e8le: Stockholm<\/h5>\n<p>Couleur RAL:\u00a07016<br \/>\nVerre: PJ<br \/>\nApplications: POLI<br \/>\nB\u00e2ton de tirage: DOS 950h<br \/>\nRosace: RPP 50<br \/>\n<\/span>\n<\/div>\n<\/div>\n<hr>\n<div class=\"item\">\n<div class=\"slika-elite\">\n<div class=\"slika-noborder\"><img loading=\"lazy\" decoding=\"async\" src=\"http:\/\/grad-export.hr\/web\/wp-content\/uploads\/model-stockholm\/stockholm1.jpg\" alt=\"Elite - model Stockholm\" width=\"261\" height=\"550\" class=\"alignleft size-full wp-image-7699\" srcset=\"https:\/\/grad-export.hr\/web\/wp-content\/uploads\/model-stockholm\/stockholm1.jpg 261w, https:\/\/grad-export.hr\/web\/wp-content\/uploads\/model-stockholm\/stockholm1-191x403.jpg 191w\" sizes=\"(max-width: 261px) 100vw, 261px\" \/><\/div>\n<\/div>\n<div class=\"descr-elite\">\n<span><\/p>\n<h5>Mod\u00e8le: Stockholm<\/h5>\n<p>Couleur RAL: 3004<br \/>\nVerre: DPJ<br \/>\nApplications: POLI<br \/>\nB\u00e2ton de tirage: KCK 190h<br \/>\nRosace: RMM<br \/>\nScanner \u00e0 doigt: AFS<br \/>\n<\/span>\n<\/div>\n<\/div>\n<hr>\n<div class=\"item\">\n<div class=\"slika-elite\">\n<div class=\"slika-noborder\"><img loading=\"lazy\" decoding=\"async\" src=\"http:\/\/grad-export.hr\/web\/wp-content\/uploads\/model-stockholm\/stockholm3.jpg\" alt=\"Elite - model Stockholm\" width=\"261\" height=\"550\" class=\"alignleft size-full wp-image-7700\" srcset=\"https:\/\/grad-export.hr\/web\/wp-content\/uploads\/model-stockholm\/stockholm3.jpg 261w, https:\/\/grad-export.hr\/web\/wp-content\/uploads\/model-stockholm\/stockholm3-191x403.jpg 191w\" sizes=\"(max-width: 261px) 100vw, 261px\" \/><\/div>\n<\/div>\n<div class=\"descr-elite\">\n<span><\/p>\n<h5>Mod\u00e8le: Stockholm<\/h5>\n<p>Couleur RAL:\u00a05001<br \/>\nVerre: DPL<br \/>\nApplications: POLI<br \/>\nB\u00e2ton de tirage: KCK 750h HORIZONTAL<br \/>\nRosace: RKP 50<br \/>\nProtection pour panneau: JZP 50<br \/>\n<\/span>\n<\/div>\n<\/div>\n<hr>\n<div class=\"item\">\n<div class=\"slika-elite\">\n<div class=\"slika-noborder\"><img loading=\"lazy\" decoding=\"async\" src=\"http:\/\/grad-export.hr\/web\/wp-content\/uploads\/model-stockholm\/stockholm4.jpg\" alt=\"Elite - model Stockholm\" width=\"261\" height=\"550\" class=\"alignleft size-full wp-image-7701\" srcset=\"https:\/\/grad-export.hr\/web\/wp-content\/uploads\/model-stockholm\/stockholm4.jpg 261w, https:\/\/grad-export.hr\/web\/wp-content\/uploads\/model-stockholm\/stockholm4-191x403.jpg 191w\" sizes=\"(max-width: 261px) 100vw, 261px\" \/><\/div>\n<\/div>\n<div class=\"descr-elite\">\n<span><\/p>\n<h5>Mod\u00e8le: Stockholm<\/h5>\n<p>Couleur RAL:\u00a07042<br \/>\nVerre: DPC<br \/>\nApplications: POLI<br \/>\nB\u00e2ton de tirage: DOS 115h<br \/>\nRosace: RPP 50<br \/>\n<\/span>\n<\/div>\n<\/div>\n","protected":false},"excerpt":{"rendered":"<p>Mod\u00e8le: Stockholm Imitation bois: NOYER FONC\u00c9 FS Verre: PJ Applications: POLI B\u00e2ton de tirage: KPK 750h HORIZONTAL Rosace: RKP 50 Mod\u00e8le: Stockholm Couleur RAL:\u00a07016 Verre: PJ Applications: POLI B\u00e2ton de tirage: DOS 950h Rosace: RPP 50 Mod\u00e8le: Stockholm Couleur RAL: 3004 Verre: DPJ Applications: POLI B\u00e2ton de tirage: KCK 190h Rosace: RMM Scanner \u00e0 doigt: [&hellip;]<\/p>\n","protected":false},"author":1,"featured_media":12782,"parent":0,"menu_order":0,"comment_status":"open","ping_status":"open","template":"","meta":{"ngg_post_thumbnail":0,"__cvm_playback_settings":[],"__cvm_video_id":"","footnotes":""},"class_list":["post-7269","page","type-page","status-publish","has-post-thumbnail","czr-hentry"],"_links":{"self":[{"href":"https:\/\/grad-export.hr\/fr\/wp-json\/wp\/v2\/pages\/7269"}],"collection":[{"href":"https:\/\/grad-export.hr\/fr\/wp-json\/wp\/v2\/pages"}],"about":[{"href":"https:\/\/grad-export.hr\/fr\/wp-json\/wp\/v2\/types\/page"}],"author":[{"embeddable":true,"href":"https:\/\/grad-export.hr\/fr\/wp-json\/wp\/v2\/users\/1"}],"replies":[{"embeddable":true,"href":"https:\/\/grad-export.hr\/fr\/wp-json\/wp\/v2\/comments?post=7269"}],"version-history":[{"count":4,"href":"https:\/\/grad-export.hr\/fr\/wp-json\/wp\/v2\/pages\/7269\/revisions"}],"predecessor-version":[{"id":31209,"href":"https:\/\/grad-export.hr\/fr\/wp-json\/wp\/v2\/pages\/7269\/revisions\/31209"}],"wp:featuredmedia":[{"embeddable":true,"href":"https:\/\/grad-export.hr\/fr\/wp-json\/wp\/v2\/media\/12782"}],"wp:attachment":[{"href":"https:\/\/grad-export.hr\/fr\/wp-json\/wp\/v2\/media?parent=7269"}],"curies":[{"name":"wp","href":"https:\/\/api.w.org\/{rel}","templated":true}]}}