{"id":7270,"date":"2015-05-27T21:13:28","date_gmt":"2015-05-27T21:13:28","guid":{"rendered":"http:\/\/grad-export.hr\/?page_id=7270"},"modified":"2025-03-07T10:27:51","modified_gmt":"2025-03-07T10:27:51","slug":"model-talinn","status":"publish","type":"page","link":"https:\/\/grad-export.hr\/fr\/model-talinn","title":{"rendered":"Elite &#8211; Mod\u00e8le: Talinn"},"content":{"rendered":"<div class=\"item\">\n<div class=\"slika-elite\"><img loading=\"lazy\" decoding=\"async\" src=\"http:\/\/grad-export.hr\/web\/wp-content\/uploads\/model-talinn\/talinn2.jpg\" alt=\"Elite - model Talinn\" width=\"261\" height=\"550\" class=\"alignleft size-full wp-image-7020\" srcset=\"https:\/\/grad-export.hr\/web\/wp-content\/uploads\/model-talinn\/talinn2.jpg 261w, https:\/\/grad-export.hr\/web\/wp-content\/uploads\/model-talinn\/talinn2-191x403.jpg 191w\" sizes=\"(max-width: 261px) 100vw, 261px\" \/><\/div>\n<div class=\"descr-elite\">\n<span><\/p>\n<h5>Mod\u00e8le: Talinn<\/h5>\n<p>Couleur RAL: 9001<br \/>\nMarqueterie: POLI<br \/>\nB\u00e2ton de tirage: OPR 115h<br \/>\nRosace: ROP 50<br \/>\n<\/span>\n<\/div>\n<\/div>\n<hr>\n<div class=\"item\">\n<div class=\"slika-elite\">\n<div class=\"slika-noborder\"><img loading=\"lazy\" decoding=\"async\" src=\"http:\/\/grad-export.hr\/web\/wp-content\/uploads\/model-talinn\/tallinnX.jpg\" alt=\"Elite - model Talinn\" width=\"261\" height=\"551\" class=\"alignleft size-full wp-image-7021\" srcset=\"https:\/\/grad-export.hr\/web\/wp-content\/uploads\/model-talinn\/tallinnX.jpg 261w, https:\/\/grad-export.hr\/web\/wp-content\/uploads\/model-talinn\/tallinnX-191x403.jpg 191w\" sizes=\"(max-width: 261px) 100vw, 261px\" \/><\/div>\n<\/div>\n<div class=\"descr-elite\">\n<span><\/p>\n<h5>Mod\u00e8le: Talinn<\/h5>\n<p>Couleur RAL:\u00a07016<br \/>\nMarqueterie: POLI<br \/>\nB\u00e2ton de tirage: DOS 950h<br \/>\nRosace: RPP 50<br \/>\n<\/span>\n<\/div>\n<\/div>\n","protected":false},"excerpt":{"rendered":"<p>Mod\u00e8le: Talinn Couleur RAL: 9001 Marqueterie: POLI B\u00e2ton de tirage: OPR 115h Rosace: ROP 50 Mod\u00e8le: Talinn Couleur RAL:\u00a07016 Marqueterie: POLI B\u00e2ton de tirage: DOS 950h Rosace: RPP 50<\/p>\n","protected":false},"author":1,"featured_media":12790,"parent":0,"menu_order":0,"comment_status":"open","ping_status":"open","template":"","meta":{"ngg_post_thumbnail":0,"__cvm_playback_settings":[],"__cvm_video_id":"","footnotes":""},"class_list":["post-7270","page","type-page","status-publish","has-post-thumbnail","czr-hentry"],"_links":{"self":[{"href":"https:\/\/grad-export.hr\/fr\/wp-json\/wp\/v2\/pages\/7270"}],"collection":[{"href":"https:\/\/grad-export.hr\/fr\/wp-json\/wp\/v2\/pages"}],"about":[{"href":"https:\/\/grad-export.hr\/fr\/wp-json\/wp\/v2\/types\/page"}],"author":[{"embeddable":true,"href":"https:\/\/grad-export.hr\/fr\/wp-json\/wp\/v2\/users\/1"}],"replies":[{"embeddable":true,"href":"https:\/\/grad-export.hr\/fr\/wp-json\/wp\/v2\/comments?post=7270"}],"version-history":[{"count":3,"href":"https:\/\/grad-export.hr\/fr\/wp-json\/wp\/v2\/pages\/7270\/revisions"}],"predecessor-version":[{"id":31210,"href":"https:\/\/grad-export.hr\/fr\/wp-json\/wp\/v2\/pages\/7270\/revisions\/31210"}],"wp:featuredmedia":[{"embeddable":true,"href":"https:\/\/grad-export.hr\/fr\/wp-json\/wp\/v2\/media\/12790"}],"wp:attachment":[{"href":"https:\/\/grad-export.hr\/fr\/wp-json\/wp\/v2\/media?parent=7270"}],"curies":[{"name":"wp","href":"https:\/\/api.w.org\/{rel}","templated":true}]}}