{"id":7736,"date":"2015-07-08T12:53:26","date_gmt":"2015-07-08T12:53:26","guid":{"rendered":"http:\/\/grad-export.hr\/?page_id=7736"},"modified":"2025-10-07T10:21:57","modified_gmt":"2025-10-07T10:21:57","slug":"telecharger-public","status":"publish","type":"page","link":"https:\/\/grad-export.hr\/fr\/telecharger-public","title":{"rendered":"T\u00e9l\u00e9charger &#8211; Public"},"content":{"rendered":"<p>Ici vous pouvez t\u00e9l\u00e9charger quelques documents comme utilisateur non enregistr\u00e9.<br \/>\nPour plus t\u00e9l\u00e9chargement (formulaire d&#8217;ordre, certification&#8230;) vous devez \u00eatre notre client connu, enregistr\u00e9 et connect\u00e9 ici: <a href=\"https:\/\/grad-export.hr\/fr\/client\">https:\/\/grad-export.hr\/fr\/client<\/a><br \/>\n&nbsp;<\/p>\n<h4 style=\"padding-left: 60px;\">Catalogue &#8220;Design &amp; Technology&#8221; 2024 (94 pages)<\/h4>\n<p style=\"padding-left: 60px;\">Format: PDF<br \/>\n24 MB<br \/>\n<a href=\"https:\/\/grad-export.hr\/fr?ddownload=26959\" title=\"T\u00e9l\u00e9charger\" rel=\"nofollow\" class=\"ddownload-button button-black id-26959 ext-pdf\">T\u00e9l\u00e9charger<\/a><\/p>\n<p>&nbsp;<\/p>\n<h5 style=\"padding-left: 60px;\">Catalogue Rustic Forest &amp; Luxury (24 pages)<\/h5>\n<p style=\"padding-left: 60px;\">Format: PDF<br \/>\n63 MB<br \/>\n<a href=\"https:\/\/grad-export.hr\/fr?ddownload=22366\" title=\"T\u00e9l\u00e9charger\" rel=\"nofollow\" class=\"ddownload-button button-black id-22366 ext-pdf\">T\u00e9l\u00e9charger<\/a><\/p>\n<p>(La langue du document: anglais et allemand)<\/p>\n<h5 style=\"padding-left: 60px;\">Catalogue Aluminium 2020.(131 pages)<\/h5>\n<p style=\"padding-left: 60px;\">Format: PDF<br \/>\n13,6 MB<br \/>\n<a href=\"https:\/\/grad-export.hr\/fr?ddownload=17884\" title=\"T\u00e9l\u00e9charger\" rel=\"nofollow\" class=\"ddownload-button button-black id-17884 ext-pdf\">T\u00e9l\u00e9charger<\/a><\/p>\n<p>(La langue du document: anglais et allemand)<br \/>\n&nbsp;<\/p>\n<h5 style=\"padding-left: 60px;\">Catalogue PVC&amp;HPL 2020.(124 pages)<\/h5>\n<p style=\"padding-left: 60px;\">Format: PDF<br \/>\n88,9 MB<br \/>\n<a href=\"https:\/\/grad-export.hr\/fr?ddownload=17886\" title=\"T\u00e9l\u00e9charger\" rel=\"nofollow\" class=\"ddownload-button button-black id-17886 ext-pdf\">T\u00e9l\u00e9charger<\/a><\/p>\n<p>(La langue du document: anglais et allemand)<br \/>\n&nbsp;<\/p>\n","protected":false},"excerpt":{"rendered":"<p>Ici vous pouvez t\u00e9l\u00e9charger quelques documents comme utilisateur non enregistr\u00e9. Pour plus t\u00e9l\u00e9chargement (formulaire d&#8217;ordre, certification&#8230;) vous devez \u00eatre notre client connu, enregistr\u00e9 et connect\u00e9 ici: https:\/\/grad-export.hr\/fr\/client &nbsp; Catalogue &#8220;Design &amp; Technology&#8221; 2024 (94 pages) Format: PDF 24 MB &nbsp; Catalogue Rustic Forest &amp; Luxury (24 pages) Format: PDF 63 MB (La langue du document: [&hellip;]<\/p>\n","protected":false},"author":1,"featured_media":0,"parent":0,"menu_order":0,"comment_status":"open","ping_status":"open","template":"","meta":{"ngg_post_thumbnail":0,"__cvm_playback_settings":[],"__cvm_video_id":"","footnotes":""},"class_list":["post-7736","page","type-page","status-publish","czr-hentry"],"_links":{"self":[{"href":"https:\/\/grad-export.hr\/fr\/wp-json\/wp\/v2\/pages\/7736"}],"collection":[{"href":"https:\/\/grad-export.hr\/fr\/wp-json\/wp\/v2\/pages"}],"about":[{"href":"https:\/\/grad-export.hr\/fr\/wp-json\/wp\/v2\/types\/page"}],"author":[{"embeddable":true,"href":"https:\/\/grad-export.hr\/fr\/wp-json\/wp\/v2\/users\/1"}],"replies":[{"embeddable":true,"href":"https:\/\/grad-export.hr\/fr\/wp-json\/wp\/v2\/comments?post=7736"}],"version-history":[{"count":7,"href":"https:\/\/grad-export.hr\/fr\/wp-json\/wp\/v2\/pages\/7736\/revisions"}],"predecessor-version":[{"id":31476,"href":"https:\/\/grad-export.hr\/fr\/wp-json\/wp\/v2\/pages\/7736\/revisions\/31476"}],"wp:attachment":[{"href":"https:\/\/grad-export.hr\/fr\/wp-json\/wp\/v2\/media?parent=7736"}],"curies":[{"name":"wp","href":"https:\/\/api.w.org\/{rel}","templated":true}]}}