{"id":22418,"date":"2023-01-21T15:02:46","date_gmt":"2023-01-21T15:02:46","guid":{"rendered":"https:\/\/grad-export.hr\/?page_id=22418"},"modified":"2023-01-22T12:08:14","modified_gmt":"2023-01-22T12:08:14","slug":"il-programma-luxury-panneli-decorativi-in-alluminio-vetro","status":"publish","type":"page","link":"https:\/\/grad-export.hr\/it\/il-programma-luxury-panneli-decorativi-in-alluminio-vetro","title":{"rendered":"Il programma Luxury &#8211; panneli decorativi in alluminio\/vetro"},"content":{"rendered":"<p>I pannelli del programma Luxury sono prodotti senza rinforzo (OS).<\/p>\n<p>Gli spessori dei pannelli possono variare da 48 mm a 120 mm. La vetratura dei pannelli del programma Luxury pu\u00f2 avere uno spessore di 48 o pi\u00f9 millimetri, nonch\u00e9 tre strati o quattro strati, a seconda dello spessore del pannello.<\/p>\n<p>Il design del pannello \u00e8 esclusivamente un&#8217;anta nascosta (su un lato o su entrambi i lati).<\/p>\n<p>La parte esterna del pannello \u00e8 in vetro ESG di 6 mm di spessore in RAL 9005.<\/p>\n<p>I colori dei pannelli interni del programma Luxury si dividono in due gruppi:<\/p>\n<ul>\n<li>standard &#8211; sono offerti 13 colori<\/li>\n<li>speciale &#8211; vengono offerti decori legno alluminio e tutti i colori alluminio della mappa RAL<\/li>\n<\/ul>\n<p>Si consiglia di studiare attentamente l&#8217;allegato sulle <a href=\"https:\/\/grad-export.hr\/web\/wp-content\/uploads\/DE-EN-karakteristike-rustic-luxury.pdf\" target=\"_blank\" rel=\"noopener\">caratteristiche tecniche, i dettagli e gli accessori<\/a>.<\/p>\n<p><strong>LUXURY<\/strong><\/p>\n<figure id=\"attachment_22381\" aria-describedby=\"caption-attachment-22381\" style=\"width: 78px\" class=\"wp-caption alignleft\"><a href=\"https:\/\/grad-export.hr\/it\/luxury-modello-chicago\"><img loading=\"lazy\" decoding=\"async\" class=\"wp-image-22381 size-full\" src=\"https:\/\/grad-export.hr\/web\/wp-content\/uploads\/chcago-thmb.png\" alt=\"\" width=\"78\" height=\"156\"><\/a><figcaption id=\"caption-attachment-22381\" class=\"wp-caption-text\">Chicago<\/figcaption><\/figure>\n<figure id=\"attachment_22386\" aria-describedby=\"caption-attachment-22386\" style=\"width: 78px\" class=\"wp-caption alignleft\"><a href=\"https:\/\/grad-export.hr\/it\/luxury-modello-dallas\"><img loading=\"lazy\" decoding=\"async\" class=\"wp-image-22386 size-full\" src=\"https:\/\/grad-export.hr\/web\/wp-content\/uploads\/dlls-thmb.png\" alt=\"\" width=\"78\" height=\"156\"><\/a><figcaption id=\"caption-attachment-22386\" class=\"wp-caption-text\">Dallas<\/figcaption><\/figure>\n<figure id=\"attachment_22391\" aria-describedby=\"caption-attachment-22391\" style=\"width: 78px\" class=\"wp-caption alignleft\"><a href=\"https:\/\/grad-export.hr\/it\/luxury-modello-miami\"><img loading=\"lazy\" decoding=\"async\" class=\"wp-image-22391 size-full\" src=\"https:\/\/grad-export.hr\/web\/wp-content\/uploads\/miami-thmb.png\" alt=\"\" width=\"78\" height=\"156\"><\/a><figcaption id=\"caption-attachment-22391\" class=\"wp-caption-text\">Miami<\/figcaption><\/figure>\n<figure id=\"attachment_22396\" aria-describedby=\"caption-attachment-22396\" style=\"width: 78px\" class=\"wp-caption alignleft\"><a href=\"https:\/\/grad-export.hr\/it\/luxury-modello-new-york\"><img loading=\"lazy\" decoding=\"async\" class=\"wp-image-22396 size-full\" src=\"https:\/\/grad-export.hr\/web\/wp-content\/uploads\/nyork-thumb.png\" alt=\"\" width=\"78\" height=\"156\"><\/a><figcaption id=\"caption-attachment-22396\" class=\"wp-caption-text\">New York<\/figcaption><\/figure>\n<figure id=\"attachment_22401\" aria-describedby=\"caption-attachment-22401\" style=\"width: 78px\" class=\"wp-caption alignleft\"><a href=\"https:\/\/grad-export.hr\/it\/luxury-modello-washington\"><img loading=\"lazy\" decoding=\"async\" class=\"wp-image-22401 size-full\" src=\"https:\/\/grad-export.hr\/web\/wp-content\/uploads\/wash-thmb.png\" alt=\"\" width=\"78\" height=\"156\"><\/a><figcaption id=\"caption-attachment-22401\" class=\"wp-caption-text\">Washington<\/figcaption><\/figure>\n","protected":false},"excerpt":{"rendered":"<p>I pannelli del programma Luxury sono prodotti senza rinforzo (OS). Gli spessori dei pannelli possono variare da 48 mm a 120 mm. La vetratura dei pannelli del programma Luxury pu\u00f2 avere uno spessore di 48 o pi\u00f9 millimetri, nonch\u00e9 tre strati o quattro strati, a seconda dello spessore del pannello. Il design del pannello \u00e8 [&hellip;]<\/p>\n","protected":false},"author":1,"featured_media":0,"parent":0,"menu_order":0,"comment_status":"closed","ping_status":"closed","template":"","meta":{"ngg_post_thumbnail":0,"__cvm_playback_settings":[],"__cvm_video_id":"","footnotes":""},"class_list":["post-22418","page","type-page","status-publish","czr-hentry"],"_links":{"self":[{"href":"https:\/\/grad-export.hr\/it\/wp-json\/wp\/v2\/pages\/22418"}],"collection":[{"href":"https:\/\/grad-export.hr\/it\/wp-json\/wp\/v2\/pages"}],"about":[{"href":"https:\/\/grad-export.hr\/it\/wp-json\/wp\/v2\/types\/page"}],"author":[{"embeddable":true,"href":"https:\/\/grad-export.hr\/it\/wp-json\/wp\/v2\/users\/1"}],"replies":[{"embeddable":true,"href":"https:\/\/grad-export.hr\/it\/wp-json\/wp\/v2\/comments?post=22418"}],"version-history":[{"count":4,"href":"https:\/\/grad-export.hr\/it\/wp-json\/wp\/v2\/pages\/22418\/revisions"}],"predecessor-version":[{"id":22508,"href":"https:\/\/grad-export.hr\/it\/wp-json\/wp\/v2\/pages\/22418\/revisions\/22508"}],"wp:attachment":[{"href":"https:\/\/grad-export.hr\/it\/wp-json\/wp\/v2\/media?parent=22418"}],"curies":[{"name":"wp","href":"https:\/\/api.w.org\/{rel}","templated":true}]}}