{"id":2729,"date":"2015-03-01T14:25:00","date_gmt":"2015-03-01T14:25:00","guid":{"rendered":"http:\/\/grad-export.hr\/web\/?page_id=2729"},"modified":"2025-02-12T11:50:23","modified_gmt":"2025-02-12T11:50:23","slug":"zupanja-zu","status":"publish","type":"page","link":"https:\/\/grad-export.hr\/it\/zupanja-zu","title":{"rendered":"Classic &#8211; Modello \u017dupanja (\u017dU)"},"content":{"rendered":"<div class=\"item\">\n<div class=\"slika-kat\"><img loading=\"lazy\" decoding=\"async\" class=\"alignnone size-full wp-image-2346\" src=\"http:\/\/grad-export.hr\/web\/wp-content\/uploads\/classic-model-zupanja\/zupanja1.jpg\" alt=\"Classic - model \u017dupanja\" width=\"261\" height=\"543\" srcset=\"https:\/\/grad-export.hr\/web\/wp-content\/uploads\/classic-model-zupanja\/zupanja1.jpg 261w, https:\/\/grad-export.hr\/web\/wp-content\/uploads\/classic-model-zupanja\/zupanja1-193x403.jpg 193w\" sizes=\"(max-width: 261px) 100vw, 261px\" \/><\/div>\n<div class=\"descr-kat\">\n<h5>\u017dU-AB-BL-M<\/h5>\n<\/div>\n<\/div>\n<hr>\n<div class=\"item\">\n<div class=\"slika-kat\"><img loading=\"lazy\" decoding=\"async\" class=\"alignnone size-full wp-image-2347\" src=\"http:\/\/grad-export.hr\/web\/wp-content\/uploads\/classic-model-zupanja\/zupanja2.jpg\" alt=\"Classic - model \u017dupanja\" width=\"261\" height=\"543\" srcset=\"https:\/\/grad-export.hr\/web\/wp-content\/uploads\/classic-model-zupanja\/zupanja2.jpg 261w, https:\/\/grad-export.hr\/web\/wp-content\/uploads\/classic-model-zupanja\/zupanja2-193x403.jpg 193w\" sizes=\"(max-width: 261px) 100vw, 261px\" \/><\/div>\n<div class=\"descr-kat\">\n<h5>\u017dU-SB-V<\/h5>\n<\/div>\n<\/div>\n<hr>\n<div class=\"item\">\n<div class=\"slika-kat\"><img loading=\"lazy\" decoding=\"async\" class=\"alignnone size-full wp-image-2349\" src=\"http:\/\/grad-export.hr\/web\/wp-content\/uploads\/classic-model-zupanja\/zupanja4.jpg\" alt=\"Classic - model \u017dupanja\" width=\"261\" height=\"543\" srcset=\"https:\/\/grad-export.hr\/web\/wp-content\/uploads\/classic-model-zupanja\/zupanja4.jpg 261w, https:\/\/grad-export.hr\/web\/wp-content\/uploads\/classic-model-zupanja\/zupanja4-193x403.jpg 193w\" sizes=\"(max-width: 261px) 100vw, 261px\" \/><\/div>\n<div class=\"descr-kat\">\n<h5>\u017dU-VFB-V<\/h5>\n<\/div>\n<\/div>\n<hr>\n<div class=\"item\">\n<div class=\"slika-kat\"><img loading=\"lazy\" decoding=\"async\" class=\"alignnone size-full wp-image-2350\" src=\"http:\/\/grad-export.hr\/web\/wp-content\/uploads\/classic-model-zupanja\/zupanja5.jpg\" alt=\"Classic - model \u017dupanja\" width=\"261\" height=\"543\" srcset=\"https:\/\/grad-export.hr\/web\/wp-content\/uploads\/classic-model-zupanja\/zupanja5.jpg 261w, https:\/\/grad-export.hr\/web\/wp-content\/uploads\/classic-model-zupanja\/zupanja5-193x403.jpg 193w\" sizes=\"(max-width: 261px) 100vw, 261px\" \/><\/div>\n<div class=\"descr-kat\">\n<h5>\u017dU-POL-V<\/h5>\n<\/div>\n<\/div>\n","protected":false},"excerpt":{"rendered":"<p>\u017dU-AB-BL-M \u017dU-SB-V \u017dU-VFB-V \u017dU-POL-V<\/p>\n","protected":false},"author":1,"featured_media":11708,"parent":0,"menu_order":0,"comment_status":"open","ping_status":"open","template":"","meta":{"ngg_post_thumbnail":0,"__cvm_playback_settings":[],"__cvm_video_id":"","footnotes":""},"class_list":["post-2729","page","type-page","status-publish","has-post-thumbnail","czr-hentry"],"_links":{"self":[{"href":"https:\/\/grad-export.hr\/it\/wp-json\/wp\/v2\/pages\/2729"}],"collection":[{"href":"https:\/\/grad-export.hr\/it\/wp-json\/wp\/v2\/pages"}],"about":[{"href":"https:\/\/grad-export.hr\/it\/wp-json\/wp\/v2\/types\/page"}],"author":[{"embeddable":true,"href":"https:\/\/grad-export.hr\/it\/wp-json\/wp\/v2\/users\/1"}],"replies":[{"embeddable":true,"href":"https:\/\/grad-export.hr\/it\/wp-json\/wp\/v2\/comments?post=2729"}],"version-history":[{"count":3,"href":"https:\/\/grad-export.hr\/it\/wp-json\/wp\/v2\/pages\/2729\/revisions"}],"predecessor-version":[{"id":29673,"href":"https:\/\/grad-export.hr\/it\/wp-json\/wp\/v2\/pages\/2729\/revisions\/29673"}],"wp:featuredmedia":[{"embeddable":true,"href":"https:\/\/grad-export.hr\/it\/wp-json\/wp\/v2\/media\/11708"}],"wp:attachment":[{"href":"https:\/\/grad-export.hr\/it\/wp-json\/wp\/v2\/media?parent=2729"}],"curies":[{"name":"wp","href":"https:\/\/api.w.org\/{rel}","templated":true}]}}